{"id":1809,"date":"2019-02-03T20:04:17","date_gmt":"2019-02-03T19:04:17","guid":{"rendered":"https:\/\/terre.hr\/uvjeti-koristenja-i-kupnje\/"},"modified":"2019-04-14T09:23:30","modified_gmt":"2019-04-14T07:23:30","slug":"uvjeti-koristenja-i-kupnje","status":"publish","type":"page","link":"https:\/\/terre.hr\/de\/uvjeti-koristenja-i-kupnje\/","title":{"rendered":"Nutzungsbedingungen und Kauf"},"content":{"rendered":"<div class=\"fusion-fullwidth fullwidth-box fusion-builder-row-1 nonhundred-percent-fullwidth non-hundred-percent-height-scrolling\" style=\"--awb-border-radius-top-left:0px;--awb-border-radius-top-right:0px;--awb-border-radius-bottom-right:0px;--awb-border-radius-bottom-left:0px;--awb-flex-wrap:wrap;\" ><div class=\"fusion-builder-row fusion-row\"><div class=\"fusion-layout-column fusion_builder_column fusion-builder-column-0 fusion_builder_column_1_6 1_6 fusion-one-sixth fusion-column-first\" style=\"--awb-bg-size:cover;width:16.666666666667%;width:calc(16.666666666667% - ( ( 4% + 4% ) * 0.16666666666667 ) );margin-right: 4%;\"><div class=\"fusion-column-wrapper fusion-flex-column-wrapper-legacy\"><div class=\"fusion-clearfix\"><\/div><\/div><\/div><div class=\"fusion-layout-column fusion_builder_column fusion-builder-column-1 fusion_builder_column_2_3 2_3 fusion-two-third\" style=\"--awb-bg-size:cover;width:66.666666666667%;width:calc(66.666666666667% - ( ( 4% + 4% ) * 0.66666666666667 ) );margin-right: 4%;\"><div class=\"fusion-column-wrapper fusion-flex-column-wrapper-legacy\"><div class=\"fusion-text fusion-text-1\"><p>ALLGEMEINE BEDINGUNGEN<\/p>\n<p>Der Internetverkauf \u00fcber die Website www.terre.hr wird vom Unternehmen &#8222;TERRE&#8220;<span class=\"Apple-converted-space\">\u00a0 <\/span>vl. \u017deljko Fero ul. Mirna 5, 52466 Novigrad Istra durchgef\u00fchrt. Identifikationsnummer: (HR) 87855278105<span class=\"Apple-converted-space\">\u00a0<\/span><\/p>\n<p>Diese Bedingungen beschreiben das Verfahren bei Bestellung, Bezahlung und Beschwerden der auf dieser Website angebotenen Produkte. Die Webseiten des Unternehmen&#8220;TERRE&#8220; k\u00f6nnen f\u00fcr den privaten Gebrauch ohne Nutzungsgeb\u00fchr genutzt werden, wobei die folgenden Bedingungen gelten.<\/p>\n<p>Der Verk\u00e4ufer ist das Unternehmen \u201cTERRE\u201d vl. \u017deljko Fero, der K\u00e4ufer\/Kunde der Besucher dieser Seiten, welcher eine elektronische Bestellung ausf\u00fchrt und die Zahlung \u00fcber das Transaktionskonto vornimmt, IBAN: HR55 2380 0061 1200 0356 3 <span class=\"Apple-converted-space\">\u00a0 \u00a0 \u00a0 \u00a0 <\/span>IKB<span class=\"Apple-converted-space\">\u00a0 <\/span>d.d.<span class=\"Apple-converted-space\">\u00a0 <\/span>&#8211; <span class=\"Apple-converted-space\">\u00a0 <\/span>UMAG<\/p>\n<p>Das Unternehmen &#8222;TERRE&#8220; vl. \u017deljko Fero beh\u00e4lt sich das Recht vor, diese Nutzungsbedingungen jederzeit zu \u00e4ndern. Alle \u00c4nderungen werden zur Nutzung der Website www.terre.hr angewendet. Der K\u00e4ufer ist f\u00fcr die Richtigkeit und Vollst\u00e4ndigkeit der beim Kauf eingegebenen Daten verantwortlich. Dienstleistungen von <a href=\"https:\/\/www.terre.hr\/\">www.terre.hr<\/a>, Der Onlineshop beinhaltet keine Kosten die entstehen durch die Nutzung von Computerausr\u00fcstung oder weiteren Dienstleistungen, beim Zugriff\u00a0auf unsere Webseite. Das Unternehmen\u00a0&#8222;TERRE&#8220; vl. \u017deljko Fero haftet nicht f\u00fcr Telefon-, Internetkosten oder weitere eventuell anfallender Kosten.<\/p>\n<p>Das Unternehmen &#8222;TERRE&#8220; vl. \u017deljko Fero beh\u00e4lt sich das Recht vor, jederzeit und ohne vorherige Ank\u00fcndigung eine der Nutzungsbedingungen der Website und\/oder der Vertraulichkeitserkl\u00e4rung abzuschaffen oder zu \u00e4ndern, wenn sie dies f\u00fcr erforderlich und notwendig h\u00e4lt. Daher empfiehlt das Unternehmen \u201cTERRE\u201d vl. \u017deljko Fero seinen Nutzern, die in den Nutzungsbedingungen und der Datenschutzerkl\u00e4rung enthaltenen Informationen regelm\u00e4\u00dfig zu lesen und sich \u00fcber allf\u00e4llige \u00c4nderungen zu informieren. Die Verpflichtung und Pflicht des Nutzers ist, die Website www.terre.hr ausschlie\u00dflich in \u00dcbereinstimmung mit den Bestimmungen der Republik Kroatien sowie den allgemeinen moralischen und ethischen Grunds\u00e4tzen zu nutzen.<\/p>\n<p><b>BESTELLINFORMATIONEN<\/b><\/p>\n<p>Der Kunde bestellt einen Artikel oder Produkte \u00fcber das elektronische Bestellungsformular.<span class=\"Apple-converted-space\">\u00a0<\/span><\/p>\n<p>Als K\u00e4ufer gilt jede Person, die mindestens ein Produkt elektronisch bestellt, die angeforderten Informationen ausf\u00fcllt und die Bestellung absendet. Alle Preise sind in kroatischer Landesw\u00e4hrung, kroatischen Kuna (kn) und in EUR (\u20ac), mit Mehrwertsteuer angegeben.<\/p>\n<p>Die Artikel werden elektronisch, mit Klick auf das gew\u00e4hlte Produkt und der Speicherung in den Warenkorb, bestellt. Die Ware gilt als bestellt, wenn der K\u00e4ufer die Zahlungsart ausw\u00e4hlt, best\u00e4tigt und die Zahlung vorgenommen hat.<\/p>\n<p>ABBRUCH DER BESTELLUNG SEITENS DES UNTERNEHMEN \u201cTERRE\u201d<\/p>\n<p>Wir behalten uns das Recht vor, in folgenden F\u00e4llen (ganz oder teilweise) von der Ausf\u00fchrung der Bestellung zur\u00fcckzutreten:<\/p>\n<p>\u2013 Wenn die bestellten Produkte nicht auf Lager sind<br \/>\n\u2013 Wenn es zu einem offensichtlichen Fehler in der Preisliste gekommen ist<br \/>\n\u2013 Wenn die Bestellung nicht gem\u00e4\u00df den Allgemeinen Gesch\u00e4ftsbedingungen erf\u00fcllt wurde oder<br \/>\n\u2013 Wenn beim Kunden ein erh\u00f6htes Risiko f\u00fcr unbezahlte Zahlungen festgestellt wird.<br \/>\nIn all diesen und \u00e4hnlichen F\u00e4llen werden wir Sie, sobald wir eine Unregelm\u00e4\u00dfigkeit festgestellt haben, unverz\u00fcglich telefonisch oder per E-Mail \u00fcber m\u00f6gliche Abweichungen von unserem Vertrag informieren.<\/p>\n<p><b>Stornierung oder Verteilung von Wettkampfauftr\u00e4gen<\/b><\/p>\n<p>Sie k\u00f6nnen Ihre Bestellung kostenfrei stornieren oder \u00e4ndern, wenn Ihre Waren nicht aus dem Lager verschickt wurden.<\/p>\n<p><b>BEZAHLUNG<br \/>\n<\/b><br \/>\nZahlungen werden vom Hauptzahler \u00fcber das Transaktionskonto auf das Konto von &#8222;TERRE&#8220; geleistet<br \/>\nIBAN: HR55 2380 0061 1200 0356 3 IKB d.d. &#8211; UMAG<\/p>\n<p><b>LIEFERBEDINGUNGEN<\/b><\/p>\n<p>Wir liefern im Bereich der Republik Kroatien sowie den meisten L\u00e4ndern der Europ\u00e4ischen Union.<\/p>\n<p>Die Lieferung der verf\u00fcgbaren Produkte erfolgt durch DPD Croatia.<br \/>\nBestellungen werden zu den \u00fcblichen Bedingungen von DPD Croatia geliefert.<br \/>\nDie Bestellung kann pers\u00f6nlich in unserem Lager in Novigrad an der Adresse ul. Mirna 5, abgeholt werden.<br \/>\nDie Lieferung erfolgt von T\u00fcr zu T\u00fcr an jede Adresse.<\/p>\n<p>Die Versandkosten werden je nach Gewicht des Pakets und Lieferland automatisch im Warenkorb berechnet.<br \/>\nDer Verpackungspreis ist in den Versand- und Verpackungskosten enthalten, die vor der Zahlung im Warenkorb berechnet werden.<\/p>\n<p>Bei der \u00dcbernahme ist der K\u00e4ufer verpflichtet, den Zustand der Sendung zu \u00fcberpr\u00fcfen und im Schadensfall die Ware dem Lieferanten unverz\u00fcglich anzuzeigen. Der Verk\u00e4ufer haftet nicht f\u00fcr Sch\u00e4den, die w\u00e4hrend des Transports entstehen.<\/p>\n<p>Wenn der K\u00e4ufer die Ware oder den Lieferschein nach dem Versenden nicht Fristgerecht erh\u00e4lt, hat der K\u00e4ufer das Recht, den Verk\u00e4ufer zu benachrichtigen, damit die Sendung gefunden oder die Ersatzsendung gesendet werden kann.<\/p>\n<p>Der Verk\u00e4ufer erkl\u00e4rt sich damit einverstanden, die Sendung an den K\u00e4ufer zu senden, sobald er den Nachweis \u00fcber die Bezahlung der Ware erh\u00e4lt. Nach Erhalt dieser Best\u00e4tigung stimmt der Verk\u00e4ufer zu, die Sendung innerhalb von 5 (f\u00fcnf) Werktagen zu versenden.<\/p>\n<p>Nachdem der Zusteller (Versandunternehmen) die Sendung vom Verk\u00e4ufer \u00fcbernommen hat, ist der Verk\u00e4ufer nicht mehr f\u00fcr den weiteren Transport sowie f\u00fcr etwaige Verz\u00f6gerungen und Probleme verantwortlich, die im Zusammenhang mit der Handhabung und Lieferung der Waren auftreten k\u00f6nnen.<\/p>\n<p><b>BESCHWERDEN<\/b><\/p>\n<p>Der Benutzer hat das Recht, innerhalb von 14 (vierzehn) Tagen ab Lieferung der Ware das gekaufte Produkt zu reklamieren oder die Ware zur\u00fcckzusenden, wenn bei Lieferung auff\u00e4llt, dass die Ware besch\u00e4digt ist oder die gelieferten Produkte mangelhaft sind. Das Unternehmen &#8222;TERRE&#8220; wird aufgrund<span class=\"Apple-converted-space\">\u00a0 <\/span>des berechtigten Anspruchs den Betrag auf das Konto des Kunden zur\u00fcckerstatteten oder das Produkt innerhalb von 30 (drei\u00dfig) Tagen nach Erhalt des zur\u00fcckgegebenen Produkts ersetzen.<\/p>\n<p>Der Kunde k\u00fcndigt die R\u00fcckgabe der gekauften Produkte per E-Mail an <a href=\"mailto:info@terre.hr\">info@terre.hr<\/a>, mit Informationen zum Kauf und der Reklamation. Der Kunde tr\u00e4gt die Kosten der R\u00fccksendung des Produkts.<\/p>\n<p>Der Kunde ist verpflichtet, die gelieferte Ware in dem Zustand zur\u00fcckzusenden, in dem sie an ihn geliefert wurde, in der Originalverpackung (der Warenverpackung, in der die Ware geliefert wurde).<span class=\"Apple-converted-space\">\u00a0<\/span><\/p>\n<p>Insofern zweifelsfrei festgestellt wird, dass eine Beschwerde nicht gerechtfertigt ist (z. B. ein offenes oder gebrauchtes Produkt) oder der Mangel des bestellten Produkts auf eine unangemessene Handhabung oder Verwendung zur\u00fcckzuf\u00fchren ist, ist das Unternehmen &#8222;TERRE&#8220; nicht zur R\u00fcckerstattung oder Lieferung des Ersatzprodukts verpflichtet. Das beworbene Produkt wird dem Benutzer auf seine Kosten mit einer schriftlichen Begr\u00fcndung der Nichtannahme einer R\u00fcckerstattungs- oder Ersatzanfrage zur\u00fcckgesandt.<\/p>\n<p>Insofern es beim Verpacken der bestellten Produkte zu einem Fehler gekommen ist und der K\u00e4ufer nicht das bestellte Produkt, sondern ein anderes erhalten hat, melden Sie sich bitte per E-Mail an info@terre.hr innerhalb von 8 (acht) Tagen nach Erhalt der Sendung. In diesem Fall sendet der Kunde das falsche Produkt auf Kosten des Unternehmen &#8222;TERRE&#8220; zur\u00fcck, welches verpflichtet ist, das bestellte Produkt nachzuliefern oder eine R\u00fcckerstattung (gem\u00e4\u00df den Anforderungen des Kunden) innerhalb von 15 (f\u00fcnfzehn) Tagen nach Erhalt des falsch gelieferten Artikels vorzunehmen.<\/p>\n<p>Insofern der Kunde das bestellte und bezahlte Produkt nicht erhalten hat, muss er es innerhalb von 8 (acht) Tagen nach dem erwarteten Ankunftsdatum per E-Mail an info@terre.hr melden. Das Unternehmen &#8222;TERRE&#8220; ist verpflichtet, innerhalb dieser Zeit zu begr\u00fcnden, was mit der reklamierten Sendung passiert ist, und den Kunden \u00fcber die weitere Beschwerdel\u00f6sung zu informieren.<\/p>\n<p>Beschwerden werden schriftlich per E-Mail an info@terre.hr an die Adresse ulica Mirna 5, 52466 Novigrad-Istarski.oder telefonisch unter der Nummer +385 (0)98 219 967 entgegengenommen.<span class=\"Apple-converted-space\">\u00a0<\/span><\/p>\n<p>Bei versteckten M\u00e4ngeln, die bei der \u00dcbernahme nicht sichtbar waren, gelten die Bestimmungen des obligatorischen Verh\u00e4ltnisses.<\/p>\n<p>Der Kunde (das erw\u00e4hnte gilt lediglich f\u00fcr neutrale Personen, die Produkte zu einem Zweck erwerben, die \u00fcber ihren wirtschaftlichen Wert hinausgehen) hat das Recht, den Verk\u00e4ufer innerhalb von 14 Tagen nach \u00dcbernahme der Ware \u00fcber den Verzicht auf den Vertrag zu informieren, ohne die Gr\u00fcnde f\u00fcr seine Entscheidung anzugeben. Die Frist zur einseitigen K\u00fcndigung des Vertrages gilt 14 Tage ab dem Tag, an dem Sie oder eine von Ihnen benannte dritte Person (der nicht der Lieferant ist), die Waren, die Gegenstand des Vertrages sind in Besitz genommen haben.<\/p>\n<p>Bei einseitiger K\u00fcndigung des Vertrages, erstatten wir das Geld zur\u00fcck, das wir von Ihnen erhalten haben, einschlie\u00dflich der Versandkosten, unverz\u00fcglich und innerhalb von 14 Tagen ab dem Tag, an dem Sie Ihre Entscheidung zur einseitigen K\u00fcndigung Ihres Vertrags getroffen haben.<\/p>\n<p>R\u00fcckerstattungen werden auf dieselbe Weise vorgenommen, wie Sie Ihre Zahlung geleistet haben. Falls Sie zustimmen die R\u00fcckerstattung auf eine andere Art zur\u00fcckerstattet zu bekommen, entstehen f\u00fcr Sie keine Kosten. Die R\u00fcckerstattung erfolgt nach R\u00fcckgabe der Ware.<span class=\"Apple-converted-space\">\u00a0<\/span><\/p>\n<p>Wir betrachten, Ihre Verpflichtung zur rechtzeitigen R\u00fccksendung der Ware als erf\u00fcllt, wenn Sie die Ware vor Ablauf der oben genannten Frist (sp\u00e4testens 14 Tage nach Erhalt Ihrer Entscheidung \u00fcber die Beendigung des Vertrages) an den Verk\u00e4ufer zur\u00fccksenden oder liefern.<\/p>\n<p>Die Kosten der R\u00fccksendung der Ware tr\u00e4gt der Kunde auch, wenn er das Recht zur einseitigen K\u00fcndigung des Vertrages in Anspruch genommen hat.<\/p>\n<p>Die R\u00fcckerstattung erfolgt nach R\u00fccksendung der Ware durch Zahlung an Ihr Bankkonto.<\/p>\n<p>Sie sind f\u00fcr jegliche Wertminderung der Ware verantwortlich, die aus dem Umgang mit der Ware hervorgeht, au\u00dfer der die zur Bestimmung von Beschaffenheit, Eigenschaft und Funktionsweise der Ware erforderlich war.<span class=\"Apple-converted-space\">\u00a0<\/span><\/p>\n<p>Der Verbrauchsartikel muss vom Kunden unbesch\u00e4digt und in unver\u00e4nderter Menge zur\u00fcckgegeben werden, es sei denn, der Artikel wurde zerst\u00f6rt, besch\u00e4digt, ist verloren gegangen oder die Menge wurde reduziert und der Kunde daf\u00fcr nicht verantwortlich ist.<span class=\"Apple-converted-space\">\u00a0<\/span><\/p>\n<p>Der Kunde hat kein Recht, vom Vertrag zur\u00fcckzutreten, wenn der Vertragsgegenstand gem\u00e4\u00df den detaillierten Anweisungen des Kunden erstellt und seinen pers\u00f6nlichen Bed\u00fcrfnissen angepasst wurde.<\/p>\n<p>Um Ihr Recht, zur einseitigen K\u00fcndigung des Vertrages, in Anspruch nehmen zu k\u00f6nnen, m\u00fcssen Sie uns Ihre Entscheidung vor Ablauf der Frist eindeutig und schriftlich per Post oder E-Mail zukommen lassen und f\u00fchren Sie dabei Ihren Vor- und Nachnamen, Adresse, Telefonnummer sowie Ihre E-Mail-Adresse auf.<span class=\"Apple-converted-space\">\u00a0<\/span><\/p>\n<p>Ein Exemplar des Vertragsformulars zur einseitigen K\u00fcndigung befindet sich auf unserer Webseite und kann an unsere E-Mail-Adresse <a href=\"mailto:info@terre.hr\">info@terre.hr<\/a> gesendet werden. Die Best\u00e4tigung \u00fcber die Beendigung des Vertrages senden wir Ihnen unverz\u00fcglich per E-Mail.<span class=\"Apple-converted-space\">\u00a0<\/span><\/p>\n<p><b>FORMULAR ZUR EINSEITIGEN VERTRAGSK\u00dcNDIGUNG<span class=\"Apple-converted-space\">\u00a0<\/span><\/b><\/p>\n<p>Vor-, und Nachname sowie Adresse des Kunden_____________________________<\/p>\n<p>An: Unternehmen Obrt &#8222;TERRE&#8220;, ulica Mirna 5, 52466 Novigrad-Istarski email: info@terre.hr, telefon nummer: +385 (0) 98 219 967,<\/p>\n<p>Hiermit erkl\u00e4re ich______________, dass ich den Kaufvertrag einseitig k\u00fcndige___________________Bestelldatum:________________Lieferdatum:_____________<\/p>\n<p>Unterschrift:______________________<\/p>\n<p>Datum:_________________________<\/p>\n<p>BEMERKUNGEN UND EINW\u00c4NDE<\/p>\n<p>In \u00dcbereinstimmung mit Art. 8. des Verbraucherschutzgesetzes kann bez\u00fcglich der Qualit\u00e4t unserer Dienstleistungen der K\u00e4ufer Einw\u00e4nde schriftlich an folgende Adresse \u00fcbermitteln:<\/p>\n<p>Unternehmen Obrt &#8222;TERRE&#8220; vl. \u017deljko Fero<br \/>\nUlica Mirne 5<br \/>\n52466 Novigrad<br \/>\nHRVATSKA<\/p>\n<p>Oder per E-Mail an: info@terre.hr<\/p>\n<p>Die Beschwerde muss folgendes f\u00fcr die Antwort enthalten: Vor-, Nachname, Adresse und E-Mail. Wir werden Ihre schriftliche Beschwerde innerhalb von 15 Tagen nach Erhalt beantworten.<\/p>\n<p><b>L\u00d6SUNG DER DISKUSSION<\/b><\/p>\n<p>Alle Streitigkeiten zwischen dem Verk\u00e4ufer und dem K\u00e4ufer werden einvernehmlich und auf friedliche Weise gel\u00f6st. Andernfalls ist das Gericht in Buje f\u00fcr die Anwendung der Gesetze und Vorschriften der Republik Kroatien zust\u00e4ndig.<\/p>\n<p>SICHERHEIT DER DATEN, DIE ZUM KAUF NOTWENDIG SIND<\/p>\n<p>Ihre Kontaktinformationen, E-Mail, Telefonnummer, Handynummer sowie die Adresse werden ausschlie\u00dflich zur Pr\u00fcfung, Lieferung und Ausf\u00fchrung Ihrer Bestellung verwendet. Wir geben diese Informationen nicht an Dritte weiter.<\/p>\n<\/div><div class=\"fusion-clearfix\"><\/div><\/div><\/div><div class=\"fusion-layout-column fusion_builder_column fusion-builder-column-2 fusion_builder_column_1_6 1_6 fusion-one-sixth fusion-column-last\" style=\"--awb-bg-size:cover;width:16.666666666667%;width:calc(16.666666666667% - ( ( 4% + 4% ) * 0.16666666666667 ) );\"><div class=\"fusion-column-wrapper fusion-flex-column-wrapper-legacy\"><div class=\"fusion-clearfix\"><\/div><\/div><\/div><\/div><\/div>\n","protected":false},"excerpt":{"rendered":"","protected":false},"author":1,"featured_media":0,"parent":0,"menu_order":0,"comment_status":"closed","ping_status":"closed","template":"","meta":{"_acf_changed":false,"footnotes":""},"class_list":["post-1809","page","type-page","status-publish","hentry"],"acf":[],"yoast_head":"<!-- This site is optimized with the Yoast SEO plugin v26.5 - https:\/\/yoast.com\/wordpress\/plugins\/seo\/ -->\n<title>Nutzungsbedingungen und Kauf - Extradjevi\u010dansko maslinovo ulje<\/title>\n<meta name=\"robots\" content=\"index, follow, max-snippet:-1, max-image-preview:large, max-video-preview:-1\" \/>\n<link rel=\"canonical\" href=\"https:\/\/terre.hr\/de\/uvjeti-koristenja-i-kupnje\/\" \/>\n<meta property=\"og:locale\" content=\"de_DE\" \/>\n<meta property=\"og:type\" content=\"article\" \/>\n<meta property=\"og:title\" content=\"Nutzungsbedingungen und Kauf - Extradjevi\u010dansko maslinovo ulje\" \/>\n<meta property=\"og:url\" content=\"https:\/\/terre.hr\/de\/uvjeti-koristenja-i-kupnje\/\" \/>\n<meta property=\"og:site_name\" content=\"Extradjevi\u010dansko maslinovo ulje\" \/>\n<meta property=\"article:modified_time\" content=\"2019-04-14T07:23:30+00:00\" \/>\n<meta name=\"twitter:card\" content=\"summary_large_image\" \/>\n<meta name=\"twitter:label1\" content=\"Gesch\u00e4tzte Lesezeit\" \/>\n\t<meta name=\"twitter:data1\" content=\"11\u00a0Minuten\" \/>\n<script type=\"application\/ld+json\" class=\"yoast-schema-graph\">{\"@context\":\"https:\/\/schema.org\",\"@graph\":[{\"@type\":\"WebPage\",\"@id\":\"https:\/\/terre.hr\/de\/uvjeti-koristenja-i-kupnje\/\",\"url\":\"https:\/\/terre.hr\/de\/uvjeti-koristenja-i-kupnje\/\",\"name\":\"Nutzungsbedingungen und Kauf - Extradjevi\u010dansko maslinovo ulje\",\"isPartOf\":{\"@id\":\"https:\/\/terre.hr\/#website\"},\"datePublished\":\"2019-02-03T19:04:17+00:00\",\"dateModified\":\"2019-04-14T07:23:30+00:00\",\"breadcrumb\":{\"@id\":\"https:\/\/terre.hr\/de\/uvjeti-koristenja-i-kupnje\/#breadcrumb\"},\"inLanguage\":\"de\",\"potentialAction\":[{\"@type\":\"ReadAction\",\"target\":[\"https:\/\/terre.hr\/de\/uvjeti-koristenja-i-kupnje\/\"]}]},{\"@type\":\"BreadcrumbList\",\"@id\":\"https:\/\/terre.hr\/de\/uvjeti-koristenja-i-kupnje\/#breadcrumb\",\"itemListElement\":[{\"@type\":\"ListItem\",\"position\":1,\"name\":\"Po\u010detna stranica\",\"item\":\"https:\/\/terre.hr\/de\/\"},{\"@type\":\"ListItem\",\"position\":2,\"name\":\"Nutzungsbedingungen und Kauf\"}]},{\"@type\":\"WebSite\",\"@id\":\"https:\/\/terre.hr\/#website\",\"url\":\"https:\/\/terre.hr\/\",\"name\":\"Extradjevi\u010dansko maslinovo ulje\",\"description\":\"Privatni obiteljski obrt\",\"potentialAction\":[{\"@type\":\"SearchAction\",\"target\":{\"@type\":\"EntryPoint\",\"urlTemplate\":\"https:\/\/terre.hr\/?s={search_term_string}\"},\"query-input\":{\"@type\":\"PropertyValueSpecification\",\"valueRequired\":true,\"valueName\":\"search_term_string\"}}],\"inLanguage\":\"de\"}]}<\/script>\n<!-- \/ Yoast SEO plugin. -->","yoast_head_json":{"title":"Nutzungsbedingungen und Kauf - Extradjevi\u010dansko maslinovo ulje","robots":{"index":"index","follow":"follow","max-snippet":"max-snippet:-1","max-image-preview":"max-image-preview:large","max-video-preview":"max-video-preview:-1"},"canonical":"https:\/\/terre.hr\/de\/uvjeti-koristenja-i-kupnje\/","og_locale":"de_DE","og_type":"article","og_title":"Nutzungsbedingungen und Kauf - Extradjevi\u010dansko maslinovo ulje","og_url":"https:\/\/terre.hr\/de\/uvjeti-koristenja-i-kupnje\/","og_site_name":"Extradjevi\u010dansko maslinovo ulje","article_modified_time":"2019-04-14T07:23:30+00:00","twitter_card":"summary_large_image","twitter_misc":{"Gesch\u00e4tzte Lesezeit":"11\u00a0Minuten"},"schema":{"@context":"https:\/\/schema.org","@graph":[{"@type":"WebPage","@id":"https:\/\/terre.hr\/de\/uvjeti-koristenja-i-kupnje\/","url":"https:\/\/terre.hr\/de\/uvjeti-koristenja-i-kupnje\/","name":"Nutzungsbedingungen und Kauf - Extradjevi\u010dansko maslinovo ulje","isPartOf":{"@id":"https:\/\/terre.hr\/#website"},"datePublished":"2019-02-03T19:04:17+00:00","dateModified":"2019-04-14T07:23:30+00:00","breadcrumb":{"@id":"https:\/\/terre.hr\/de\/uvjeti-koristenja-i-kupnje\/#breadcrumb"},"inLanguage":"de","potentialAction":[{"@type":"ReadAction","target":["https:\/\/terre.hr\/de\/uvjeti-koristenja-i-kupnje\/"]}]},{"@type":"BreadcrumbList","@id":"https:\/\/terre.hr\/de\/uvjeti-koristenja-i-kupnje\/#breadcrumb","itemListElement":[{"@type":"ListItem","position":1,"name":"Po\u010detna stranica","item":"https:\/\/terre.hr\/de\/"},{"@type":"ListItem","position":2,"name":"Nutzungsbedingungen und Kauf"}]},{"@type":"WebSite","@id":"https:\/\/terre.hr\/#website","url":"https:\/\/terre.hr\/","name":"Extradjevi\u010dansko maslinovo ulje","description":"Privatni obiteljski obrt","potentialAction":[{"@type":"SearchAction","target":{"@type":"EntryPoint","urlTemplate":"https:\/\/terre.hr\/?s={search_term_string}"},"query-input":{"@type":"PropertyValueSpecification","valueRequired":true,"valueName":"search_term_string"}}],"inLanguage":"de"}]}},"_links":{"self":[{"href":"https:\/\/terre.hr\/de\/wp-json\/wp\/v2\/pages\/1809","targetHints":{"allow":["GET"]}}],"collection":[{"href":"https:\/\/terre.hr\/de\/wp-json\/wp\/v2\/pages"}],"about":[{"href":"https:\/\/terre.hr\/de\/wp-json\/wp\/v2\/types\/page"}],"author":[{"embeddable":true,"href":"https:\/\/terre.hr\/de\/wp-json\/wp\/v2\/users\/1"}],"replies":[{"embeddable":true,"href":"https:\/\/terre.hr\/de\/wp-json\/wp\/v2\/comments?post=1809"}],"version-history":[{"count":3,"href":"https:\/\/terre.hr\/de\/wp-json\/wp\/v2\/pages\/1809\/revisions"}],"predecessor-version":[{"id":2326,"href":"https:\/\/terre.hr\/de\/wp-json\/wp\/v2\/pages\/1809\/revisions\/2326"}],"wp:attachment":[{"href":"https:\/\/terre.hr\/de\/wp-json\/wp\/v2\/media?parent=1809"}],"curies":[{"name":"wp","href":"https:\/\/api.w.org\/{rel}","templated":true}]}}