{"id":2161,"date":"2018-12-07T16:12:20","date_gmt":"2018-12-07T16:12:20","guid":{"rendered":"https:\/\/terre.hr\/cuvanje-prikolica\/"},"modified":"2019-04-14T09:23:00","modified_gmt":"2019-04-14T07:23:00","slug":"cuvanje-prikolica","status":"publish","type":"page","link":"https:\/\/terre.hr\/de\/cuvanje-prikolica\/","title":{"rendered":"Lagern von Wohnwagen"},"content":{"rendered":"<p><div class=\"fusion-fullwidth fullwidth-box fusion-builder-row-1 hundred-percent-fullwidth non-hundred-percent-height-scrolling fusion-equal-height-columns\" style=\"--awb-border-color:#be9359;--awb-border-radius-top-left:0px;--awb-border-radius-top-right:0px;--awb-border-radius-bottom-right:0px;--awb-border-radius-bottom-left:0px;--awb-padding-right:0px;--awb-padding-left:0px;--awb-border-sizes-top:0px;--awb-border-sizes-bottom:0px;--awb-flex-wrap:wrap;\" ><div class=\"fusion-builder-row fusion-row\"><div class=\"fusion-layout-column fusion_builder_column fusion-builder-column-0 fusion_builder_column_1_2 1_2 fusion-one-half fusion-column-first fusion-no-small-visibility fusion-column-inner-bg-wrapper\" style=\"--awb-inner-bg-image:url(&#039;https:\/\/terre.hr\/wp-content\/uploads\/2019\/02\/Cuvanje_prikolica_06.jpg&#039;);--awb-inner-bg-position:left center;--awb-inner-bg-size:cover;--awb-margin-bottom:0px;width:50%;width:calc(50% - ( ( 0 ) * 0.5 ) );margin-right: 0px;\"><span class=\"fusion-column-inner-bg hover-type-zoomin\"><span class=\"fusion-column-anchor\"><span class=\"fusion-column-inner-bg-image\"><\/span><\/span><\/span><div class=\"fusion-column-wrapper fusion-flex-column-wrapper-legacy fusion-column-has-bg-image\" data-bg-url=\"https:\/\/terre.hr\/wp-content\/uploads\/2019\/02\/Cuvanje_prikolica_06.jpg\"><div class=\"fusion-column-content-centered\"><div class=\"fusion-column-content\"><div class=\"fusion-sep-clear\"><\/div><div class=\"fusion-separator fusion-full-width-sep\" style=\"margin-left: auto;margin-right: auto;margin-top:5px;width:100%;\"><\/div><div class=\"fusion-sep-clear\"><\/div><\/div><\/div><div class=\"fusion-clearfix\"><\/div><\/div><\/div><div class=\"fusion-layout-column fusion_builder_column fusion-builder-column-1 fusion_builder_column_1_2 1_2 fusion-one-half fusion-column-last\" style=\"--awb-padding-top:140px;--awb-padding-right:70px;--awb-padding-bottom:140px;--awb-padding-left:70px;--awb-bg-color:#efefef;--awb-bg-color-hover:#efefef;--awb-bg-position:left bottom;--awb-bg-size:cover;--awb-margin-bottom:0px;width:50%;width:calc(50% - ( ( 0 ) * 0.5 ) );\"><div class=\"fusion-column-wrapper fusion-flex-column-wrapper-legacy\"><div class=\"fusion-image-element fusion-image-align-center in-legacy-container\" style=\"text-align:center;--awb-max-width:120px;--awb-caption-title-font-family:var(--h2_typography-font-family);--awb-caption-title-font-weight:var(--h2_typography-font-weight);--awb-caption-title-font-style:var(--h2_typography-font-style);--awb-caption-title-size:var(--h2_typography-font-size);--awb-caption-title-transform:var(--h2_typography-text-transform);--awb-caption-title-line-height:var(--h2_typography-line-height);--awb-caption-title-letter-spacing:var(--h2_typography-letter-spacing);\"><div class=\"imageframe-align-center\"><span class=\" fusion-imageframe imageframe-none imageframe-1 hover-type-none\"><img decoding=\"async\" width=\"215\" height=\"165\" title=\"prikolica_icon\" src=\"https:\/\/terre.hr\/wp-content\/uploads\/2019\/02\/prikolica_icon-1.png\" alt class=\"img-responsive wp-image-1215\" srcset=\"https:\/\/terre.hr\/wp-content\/uploads\/2019\/02\/prikolica_icon-1-200x153.png 200w, https:\/\/terre.hr\/wp-content\/uploads\/2019\/02\/prikolica_icon-1.png 215w\" sizes=\"(max-width: 800px) 100vw, 215px\" \/><\/span><\/div><\/div><div class=\"fusion-title title fusion-title-1 fusion-sep-none fusion-title-center fusion-title-text fusion-title-size-four\" style=\"--awb-margin-top:40px;--awb-margin-bottom:20px;\"><h4 class=\"fusion-title-heading title-heading-center\" style=\"margin:0;\"><span style=\"font-size: 12pt;\">Professioneller Service<\/span><\/h4><\/div><div class=\"fusion-title title fusion-title-2 fusion-sep-none fusion-title-center fusion-title-text fusion-title-size-two\"><h2 class=\"fusion-title-heading title-heading-center\" style=\"margin:0;\">LAGERN VON WOHNWAGEN UND BOOTEN<\/h2><\/div><div class=\"fusion-text fusion-text-1\"><p style=\"text-align: justify;\"><span style=\"font-size: 11pt;\">Wenn Ihr Sommerurlaub zu Ende geht, k\u00f6nnen Sie uns Ihren Wohnwagen oder Boot zum Aufbewahren anvertrauen. Jeder Wohnwagen und jedes Boot werden \u00fcbernommen, \u00fcberpr\u00fcft und f\u00fcr den Winter vorbereitet. Besondere Aufmerksamkeit schenken wir dabei beweglichen Mettalteilen. Die Wohnwagen und Boote werden auf einem festen Untergrund gelagert. Das Parken und die Vorbereitung f\u00fcr das Verlassen des Depots erledigt ausschlie\u00dflich unser Personal.<\/span><\/p>\n<\/div><div class=\"fusion-fa-align-center\"><i class=\"fb-icon-element-1 fb-icon-element fontawesome-icon fa-angle-down fas circle-yes\" style=\"--awb-circlebordersize:1px;--awb-font-size:26.4px;--awb-width:52.8px;--awb-height:52.8px;--awb-line-height:50.8px;\"><\/i><\/div><div class=\"fusion-clearfix\"><\/div><\/div><\/div><\/div><\/div><div class=\"fusion-fullwidth fullwidth-box fusion-builder-row-2 fusion-parallax-none nonhundred-percent-fullwidth non-hundred-percent-height-scrolling\" style=\"--awb-background-position:center top;--awb-border-radius-top-left:0px;--awb-border-radius-top-right:0px;--awb-border-radius-bottom-right:0px;--awb-border-radius-bottom-left:0px;--awb-padding-top:50px;--awb-padding-bottom:6%;--awb-margin-top:0px;--awb-margin-bottom:0px;--awb-background-color:#ffffff;--awb-background-image:url(&quot;https:\/\/terre.hr\/wp-content\/uploads\/2018\/12\/avadabarbers-about-introbackground.jpg&quot;);--awb-background-size:cover;--awb-flex-wrap:wrap;\" ><div class=\"fusion-builder-row fusion-row\"><div class=\"fusion-layout-column fusion_builder_column fusion-builder-column-2 fusion_builder_column_1_1 1_1 fusion-one-full fusion-column-first fusion-column-last fusion-animated\" style=\"--awb-padding-top:20px;--awb-bg-position:center top;--awb-bg-size:cover;\" data-animationType=\"fadeInUp\" data-animationDuration=\"0.3\" data-animationOffset=\"top-into-view\"><div class=\"fusion-column-wrapper fusion-flex-column-wrapper-legacy\"><div class=\"fusion-column-content-centered\"><div class=\"fusion-column-content\"><div class=\"fusion-title title fusion-title-3 fusion-sep-none fusion-title-center fusion-title-text fusion-title-size-three\" style=\"--awb-margin-bottom:5px;--awb-font-size:70px;\"><h3 class=\"fusion-title-heading title-heading-center\" style=\"margin:0;font-size:1em;\"><span style=\"color: #ffffff; font-size: 36pt;\">SICHERHEIT<\/span><\/h3><\/div><div class=\"fusion-text fusion-text-2\"><p class=\"Textbody\" style=\"text-align: center;\"><span style=\"font-size: 11pt; color: #ffffff;\">Wir legen vor allem Wert auf die Sicherheit des Bereiches f\u00fcr das Lagern der Wohnwagen und Boote. Der Bereich ist umz\u00e4unt,beleuchtet und video\u00fcberwacht. Nachts sorgen unsere zwei besonders f\u00fcr diese Aufgabe dressierten Doberm\u00e4nner f\u00fcr die n\u00f6tige Sicherheit. Es gibt nur einen Eingang in den gesamten Bereich. Im Anschluss an den umz\u00e4unten Bereich befinden sich unsere Wohnungen und die Farm, in der wir tags\u00fcber arbeiten, so dass wir st\u00e4ndig in der N\u00e4he des Depots sind.<\/span><\/p>\n<\/div><\/div><\/div><div class=\"fusion-clearfix\"><\/div><\/div><\/div><div class=\"fusion-layout-column fusion_builder_column fusion-builder-column-3 fusion_builder_column_1_1 1_1 fusion-one-full fusion-column-first fusion-column-last fusion-animated\" style=\"--awb-bg-size:cover;\" data-animationType=\"fadeInUp\" data-animationDuration=\"0.6\" data-animationOffset=\"top-into-view\"><div class=\"fusion-column-wrapper fusion-flex-column-wrapper-legacy\"><div class=\"awb-gallery-wrapper awb-gallery-wrapper-1 button-span-no\"><div style=\"margin:-5px;--awb-bordersize:0px;\" class=\"fusion-gallery fusion-gallery-container fusion-grid-3 fusion-columns-total-5 fusion-gallery-layout-grid fusion-gallery-1\"><div style=\"padding:5px;\" class=\"fusion-grid-column fusion-gallery-column fusion-gallery-column-3 hover-type-none\"><div class=\"fusion-gallery-image\"><a href=\"https:\/\/terre.hr\/wp-content\/uploads\/2019\/02\/Cuvanje_prikolica_10.jpg\" rel=\"noreferrer\" data-rel=\"iLightbox[gallery_image_1]\" class=\"fusion-lightbox\" target=\"_self\"><img decoding=\"async\" src=\"https:\/\/terre.hr\/wp-content\/uploads\/2019\/02\/Cuvanje_prikolica_10.jpg\" width=\"1100\" height=\"658\" alt=\"\" title=\"Cuvanje_prikolica_10\" aria-label=\"Cuvanje_prikolica_10\" class=\"img-responsive wp-image-1480\" srcset=\"https:\/\/terre.hr\/wp-content\/uploads\/2019\/02\/Cuvanje_prikolica_10-200x120.jpg 200w, https:\/\/terre.hr\/wp-content\/uploads\/2019\/02\/Cuvanje_prikolica_10-400x239.jpg 400w, https:\/\/terre.hr\/wp-content\/uploads\/2019\/02\/Cuvanje_prikolica_10-600x359.jpg 600w, https:\/\/terre.hr\/wp-content\/uploads\/2019\/02\/Cuvanje_prikolica_10-800x479.jpg 800w, https:\/\/terre.hr\/wp-content\/uploads\/2019\/02\/Cuvanje_prikolica_10.jpg 1100w\" sizes=\"(min-width: 2200px) 100vw, (min-width: 784px) 363px, (min-width: 712px) 545px, (min-width: 640px) 712px, \" \/><\/a><\/div><\/div><div style=\"padding:5px;\" class=\"fusion-grid-column fusion-gallery-column fusion-gallery-column-3 hover-type-none\"><div class=\"fusion-gallery-image\"><a href=\"https:\/\/terre.hr\/wp-content\/uploads\/2019\/02\/Cuvanje_prikolica_09.jpg\" rel=\"noreferrer\" data-rel=\"iLightbox[gallery_image_1]\" class=\"fusion-lightbox\" target=\"_self\"><img decoding=\"async\" src=\"https:\/\/terre.hr\/wp-content\/uploads\/2019\/02\/Cuvanje_prikolica_09.jpg\" width=\"1100\" height=\"658\" alt=\"\" title=\"Cuvanje_prikolica_09\" aria-label=\"Cuvanje_prikolica_09\" class=\"img-responsive wp-image-1477\" srcset=\"https:\/\/terre.hr\/wp-content\/uploads\/2019\/02\/Cuvanje_prikolica_09-200x120.jpg 200w, https:\/\/terre.hr\/wp-content\/uploads\/2019\/02\/Cuvanje_prikolica_09-400x239.jpg 400w, https:\/\/terre.hr\/wp-content\/uploads\/2019\/02\/Cuvanje_prikolica_09-600x359.jpg 600w, https:\/\/terre.hr\/wp-content\/uploads\/2019\/02\/Cuvanje_prikolica_09-800x479.jpg 800w, https:\/\/terre.hr\/wp-content\/uploads\/2019\/02\/Cuvanje_prikolica_09.jpg 1100w\" sizes=\"(min-width: 2200px) 100vw, (min-width: 784px) 363px, (min-width: 712px) 545px, (min-width: 640px) 712px, \" \/><\/a><\/div><\/div><div style=\"padding:5px;\" class=\"fusion-grid-column fusion-gallery-column fusion-gallery-column-3 hover-type-none\"><div class=\"fusion-gallery-image\"><a href=\"https:\/\/terre.hr\/wp-content\/uploads\/2019\/02\/Cuvanje_prikolica_07.jpg\" rel=\"noreferrer\" data-rel=\"iLightbox[gallery_image_1]\" class=\"fusion-lightbox\" target=\"_self\"><img decoding=\"async\" src=\"https:\/\/terre.hr\/wp-content\/uploads\/2019\/02\/Cuvanje_prikolica_07.jpg\" width=\"1100\" height=\"658\" alt=\"\" title=\"Cuvanje_prikolica_07\" aria-label=\"Cuvanje_prikolica_07\" class=\"img-responsive wp-image-1471\" srcset=\"https:\/\/terre.hr\/wp-content\/uploads\/2019\/02\/Cuvanje_prikolica_07-200x120.jpg 200w, https:\/\/terre.hr\/wp-content\/uploads\/2019\/02\/Cuvanje_prikolica_07-400x239.jpg 400w, https:\/\/terre.hr\/wp-content\/uploads\/2019\/02\/Cuvanje_prikolica_07-600x359.jpg 600w, https:\/\/terre.hr\/wp-content\/uploads\/2019\/02\/Cuvanje_prikolica_07-800x479.jpg 800w, https:\/\/terre.hr\/wp-content\/uploads\/2019\/02\/Cuvanje_prikolica_07.jpg 1100w\" sizes=\"(min-width: 2200px) 100vw, (min-width: 784px) 363px, (min-width: 712px) 545px, (min-width: 640px) 712px, \" \/><\/a><\/div><\/div><div class=\"clearfix\"><\/div><div style=\"padding:5px;\" class=\"fusion-grid-column fusion-gallery-column fusion-gallery-column-3 hover-type-none\"><div class=\"fusion-gallery-image\"><a href=\"https:\/\/terre.hr\/wp-content\/uploads\/2019\/02\/Cuvanje_prikolica_05.jpg\" rel=\"noreferrer\" data-rel=\"iLightbox[gallery_image_1]\" class=\"fusion-lightbox\" target=\"_self\"><img decoding=\"async\" src=\"https:\/\/terre.hr\/wp-content\/uploads\/2019\/02\/Cuvanje_prikolica_05.jpg\" width=\"1100\" height=\"658\" alt=\"\" title=\"Cuvanje_prikolica_05\" aria-label=\"Cuvanje_prikolica_05\" class=\"img-responsive wp-image-1465\" srcset=\"https:\/\/terre.hr\/wp-content\/uploads\/2019\/02\/Cuvanje_prikolica_05-200x120.jpg 200w, https:\/\/terre.hr\/wp-content\/uploads\/2019\/02\/Cuvanje_prikolica_05-400x239.jpg 400w, https:\/\/terre.hr\/wp-content\/uploads\/2019\/02\/Cuvanje_prikolica_05-600x359.jpg 600w, https:\/\/terre.hr\/wp-content\/uploads\/2019\/02\/Cuvanje_prikolica_05-800x479.jpg 800w, https:\/\/terre.hr\/wp-content\/uploads\/2019\/02\/Cuvanje_prikolica_05.jpg 1100w\" sizes=\"(min-width: 2200px) 100vw, (min-width: 784px) 363px, (min-width: 712px) 545px, (min-width: 640px) 712px, \" \/><\/a><\/div><\/div><div style=\"padding:5px;\" class=\"fusion-grid-column fusion-gallery-column fusion-gallery-column-3 hover-type-none\"><div class=\"fusion-gallery-image\"><a href=\"https:\/\/terre.hr\/wp-content\/uploads\/2019\/02\/Cuvanje_prikolica_02.jpg\" rel=\"noreferrer\" data-rel=\"iLightbox[gallery_image_1]\" class=\"fusion-lightbox\" target=\"_self\"><img decoding=\"async\" src=\"https:\/\/terre.hr\/wp-content\/uploads\/2019\/02\/Cuvanje_prikolica_02.jpg\" width=\"1100\" height=\"658\" alt=\"\" title=\"Cuvanje_prikolica_02\" aria-label=\"Cuvanje_prikolica_02\" class=\"img-responsive wp-image-1456\" srcset=\"https:\/\/terre.hr\/wp-content\/uploads\/2019\/02\/Cuvanje_prikolica_02-200x120.jpg 200w, https:\/\/terre.hr\/wp-content\/uploads\/2019\/02\/Cuvanje_prikolica_02-400x239.jpg 400w, https:\/\/terre.hr\/wp-content\/uploads\/2019\/02\/Cuvanje_prikolica_02-600x359.jpg 600w, https:\/\/terre.hr\/wp-content\/uploads\/2019\/02\/Cuvanje_prikolica_02-800x479.jpg 800w, https:\/\/terre.hr\/wp-content\/uploads\/2019\/02\/Cuvanje_prikolica_02.jpg 1100w\" sizes=\"(min-width: 2200px) 100vw, (min-width: 784px) 363px, (min-width: 712px) 545px, (min-width: 640px) 712px, \" \/><\/a><\/div><\/div><\/div><\/div><div class=\"fusion-clearfix\"><\/div><\/div><\/div><\/div><\/div><\/p>\n","protected":false},"excerpt":{"rendered":"","protected":false},"author":1,"featured_media":0,"parent":0,"menu_order":0,"comment_status":"closed","ping_status":"closed","template":"100-width.php","meta":{"_acf_changed":false,"footnotes":""},"class_list":["post-2161","page","type-page","status-publish","hentry"],"acf":[],"yoast_head":"<!-- This site is optimized with the Yoast SEO plugin v26.5 - https:\/\/yoast.com\/wordpress\/plugins\/seo\/ -->\n<title>Lagern von Wohnwagen - Extradjevi\u010dansko maslinovo ulje<\/title>\n<meta name=\"robots\" content=\"index, follow, max-snippet:-1, max-image-preview:large, max-video-preview:-1\" \/>\n<link rel=\"canonical\" href=\"https:\/\/terre.hr\/de\/cuvanje-prikolica\/\" \/>\n<meta property=\"og:locale\" content=\"de_DE\" \/>\n<meta property=\"og:type\" content=\"article\" \/>\n<meta property=\"og:title\" content=\"Lagern von Wohnwagen - Extradjevi\u010dansko maslinovo ulje\" \/>\n<meta property=\"og:url\" content=\"https:\/\/terre.hr\/de\/cuvanje-prikolica\/\" \/>\n<meta property=\"og:site_name\" content=\"Extradjevi\u010dansko maslinovo ulje\" \/>\n<meta property=\"article:modified_time\" content=\"2019-04-14T07:23:00+00:00\" \/>\n<meta name=\"twitter:card\" content=\"summary_large_image\" \/>\n<meta name=\"twitter:label1\" content=\"Gesch\u00e4tzte Lesezeit\" \/>\n\t<meta name=\"twitter:data1\" content=\"6\u00a0Minuten\" \/>\n<script type=\"application\/ld+json\" class=\"yoast-schema-graph\">{\"@context\":\"https:\/\/schema.org\",\"@graph\":[{\"@type\":\"WebPage\",\"@id\":\"https:\/\/terre.hr\/de\/cuvanje-prikolica\/\",\"url\":\"https:\/\/terre.hr\/de\/cuvanje-prikolica\/\",\"name\":\"Lagern von Wohnwagen - Extradjevi\u010dansko maslinovo ulje\",\"isPartOf\":{\"@id\":\"https:\/\/terre.hr\/#website\"},\"datePublished\":\"2018-12-07T16:12:20+00:00\",\"dateModified\":\"2019-04-14T07:23:00+00:00\",\"breadcrumb\":{\"@id\":\"https:\/\/terre.hr\/de\/cuvanje-prikolica\/#breadcrumb\"},\"inLanguage\":\"de\",\"potentialAction\":[{\"@type\":\"ReadAction\",\"target\":[\"https:\/\/terre.hr\/de\/cuvanje-prikolica\/\"]}]},{\"@type\":\"BreadcrumbList\",\"@id\":\"https:\/\/terre.hr\/de\/cuvanje-prikolica\/#breadcrumb\",\"itemListElement\":[{\"@type\":\"ListItem\",\"position\":1,\"name\":\"Po\u010detna stranica\",\"item\":\"https:\/\/terre.hr\/de\/\"},{\"@type\":\"ListItem\",\"position\":2,\"name\":\"Lagern von Wohnwagen\"}]},{\"@type\":\"WebSite\",\"@id\":\"https:\/\/terre.hr\/#website\",\"url\":\"https:\/\/terre.hr\/\",\"name\":\"Extradjevi\u010dansko maslinovo ulje\",\"description\":\"Privatni obiteljski obrt\",\"potentialAction\":[{\"@type\":\"SearchAction\",\"target\":{\"@type\":\"EntryPoint\",\"urlTemplate\":\"https:\/\/terre.hr\/?s={search_term_string}\"},\"query-input\":{\"@type\":\"PropertyValueSpecification\",\"valueRequired\":true,\"valueName\":\"search_term_string\"}}],\"inLanguage\":\"de\"}]}<\/script>\n<!-- \/ Yoast SEO plugin. -->","yoast_head_json":{"title":"Lagern von Wohnwagen - Extradjevi\u010dansko maslinovo ulje","robots":{"index":"index","follow":"follow","max-snippet":"max-snippet:-1","max-image-preview":"max-image-preview:large","max-video-preview":"max-video-preview:-1"},"canonical":"https:\/\/terre.hr\/de\/cuvanje-prikolica\/","og_locale":"de_DE","og_type":"article","og_title":"Lagern von Wohnwagen - Extradjevi\u010dansko maslinovo ulje","og_url":"https:\/\/terre.hr\/de\/cuvanje-prikolica\/","og_site_name":"Extradjevi\u010dansko maslinovo ulje","article_modified_time":"2019-04-14T07:23:00+00:00","twitter_card":"summary_large_image","twitter_misc":{"Gesch\u00e4tzte Lesezeit":"6\u00a0Minuten"},"schema":{"@context":"https:\/\/schema.org","@graph":[{"@type":"WebPage","@id":"https:\/\/terre.hr\/de\/cuvanje-prikolica\/","url":"https:\/\/terre.hr\/de\/cuvanje-prikolica\/","name":"Lagern von Wohnwagen - Extradjevi\u010dansko maslinovo ulje","isPartOf":{"@id":"https:\/\/terre.hr\/#website"},"datePublished":"2018-12-07T16:12:20+00:00","dateModified":"2019-04-14T07:23:00+00:00","breadcrumb":{"@id":"https:\/\/terre.hr\/de\/cuvanje-prikolica\/#breadcrumb"},"inLanguage":"de","potentialAction":[{"@type":"ReadAction","target":["https:\/\/terre.hr\/de\/cuvanje-prikolica\/"]}]},{"@type":"BreadcrumbList","@id":"https:\/\/terre.hr\/de\/cuvanje-prikolica\/#breadcrumb","itemListElement":[{"@type":"ListItem","position":1,"name":"Po\u010detna stranica","item":"https:\/\/terre.hr\/de\/"},{"@type":"ListItem","position":2,"name":"Lagern von Wohnwagen"}]},{"@type":"WebSite","@id":"https:\/\/terre.hr\/#website","url":"https:\/\/terre.hr\/","name":"Extradjevi\u010dansko maslinovo ulje","description":"Privatni obiteljski obrt","potentialAction":[{"@type":"SearchAction","target":{"@type":"EntryPoint","urlTemplate":"https:\/\/terre.hr\/?s={search_term_string}"},"query-input":{"@type":"PropertyValueSpecification","valueRequired":true,"valueName":"search_term_string"}}],"inLanguage":"de"}]}},"_links":{"self":[{"href":"https:\/\/terre.hr\/de\/wp-json\/wp\/v2\/pages\/2161","targetHints":{"allow":["GET"]}}],"collection":[{"href":"https:\/\/terre.hr\/de\/wp-json\/wp\/v2\/pages"}],"about":[{"href":"https:\/\/terre.hr\/de\/wp-json\/wp\/v2\/types\/page"}],"author":[{"embeddable":true,"href":"https:\/\/terre.hr\/de\/wp-json\/wp\/v2\/users\/1"}],"replies":[{"embeddable":true,"href":"https:\/\/terre.hr\/de\/wp-json\/wp\/v2\/comments?post=2161"}],"version-history":[{"count":4,"href":"https:\/\/terre.hr\/de\/wp-json\/wp\/v2\/pages\/2161\/revisions"}],"predecessor-version":[{"id":2392,"href":"https:\/\/terre.hr\/de\/wp-json\/wp\/v2\/pages\/2161\/revisions\/2392"}],"wp:attachment":[{"href":"https:\/\/terre.hr\/de\/wp-json\/wp\/v2\/media?parent=2161"}],"curies":[{"name":"wp","href":"https:\/\/api.w.org\/{rel}","templated":true}]}}