{"id":2173,"date":"2018-12-07T16:05:31","date_gmt":"2018-12-07T16:05:31","guid":{"rendered":"https:\/\/terre.hr\/o-nama\/"},"modified":"2019-04-14T09:23:39","modified_gmt":"2019-04-14T07:23:39","slug":"o-nama","status":"publish","type":"page","link":"https:\/\/terre.hr\/de\/o-nama\/","title":{"rendered":"\u00dcber uns"},"content":{"rendered":"<p><div class=\"fusion-fullwidth fullwidth-box fusion-builder-row-1 fusion-parallax-none nonhundred-percent-fullwidth non-hundred-percent-height-scrolling fusion-equal-height-columns\" style=\"--awb-background-position:center top;--awb-border-radius-top-left:0px;--awb-border-radius-top-right:0px;--awb-border-radius-bottom-right:0px;--awb-border-radius-bottom-left:0px;--awb-padding-top:3%;--awb-padding-bottom:3%;--awb-margin-bottom:0px;--awb-background-image:url(&quot;https:\/\/terre.hr\/wp-content\/uploads\/2018\/12\/avadabarbers-about-introbackground.jpg&quot;);--awb-background-size:cover;--awb-flex-wrap:wrap;\" ><div class=\"fusion-builder-row fusion-row\"><div class=\"fusion-layout-column fusion_builder_column fusion-builder-column-0 fusion_builder_column_1_6 1_6 fusion-one-sixth fusion-column-first\" style=\"--awb-bg-size:cover;width:16.666666666667%;width:calc(16.666666666667% - ( ( 4% + 4% ) * 0.16666666666667 ) );margin-right: 4%;\"><div class=\"fusion-column-wrapper fusion-flex-column-wrapper-legacy\"><div class=\"fusion-clearfix\"><\/div><\/div><\/div><div class=\"fusion-layout-column fusion_builder_column fusion-builder-column-1 fusion_builder_column_2_3 2_3 fusion-two-third fusion-animated\" style=\"--awb-padding-top:20px;--awb-bg-position:center top;--awb-bg-size:cover;width:66.666666666667%;width:calc(66.666666666667% - ( ( 4% + 4% ) * 0.66666666666667 ) );margin-right: 4%;\" data-animationType=\"fadeInLeft\" data-animationDuration=\"0.5\" data-animationOffset=\"top-into-view\"><div class=\"fusion-column-wrapper fusion-flex-column-wrapper-legacy\"><div class=\"fusion-column-content-centered\"><div class=\"fusion-column-content\"><div class=\"fusion-title title fusion-title-1 fusion-sep-none fusion-title-center fusion-title-text fusion-title-size-two\" style=\"--awb-margin-top:30px;--awb-margin-bottom:0px;\"><h2 class=\"fusion-title-heading title-heading-center\" style=\"margin:0;\"><span style=\"color: #ffffff;\">WILLKOMMEN AUF UNSERE WEBSEITE<\/span><\/h2><\/div><div class=\"fusion-title title fusion-title-2 fusion-sep-none fusion-title-center fusion-title-text fusion-title-size-three\" style=\"--awb-margin-bottom:0px;--awb-font-size:70px;\"><h3 class=\"fusion-title-heading title-heading-center\" style=\"margin:0;font-size:1em;\"><span style=\"color: #ffffff;\">Terre Novigrad<\/span><\/h3><\/div><div class=\"fusion-text fusion-text-1\"><p style=\"text-align: justify;\"><span style=\"font-size: 12pt; color: #ffffff;\">Das Unternehmen &#8222;TERRE&#8220; &#8211; Novigrad ist ein privates Familienunternehmen, ununterbrochen t\u00e4tig ab 1994. Der Gr\u00fcnder und Eigent\u00fcmer ist \u017deljko Fero. Die Hauptt\u00e4tigkeit des Unternehmens ist das Z\u00fcchten, Schlachten und der Verkauf von H\u00fchnerfleisch. Das Unternehmen besch\u00e4ftigt sich zudem noch mit Lagern von Wohnwagen und Booten sowie der Olivenzucht. Wir bem\u00fchen uns stets mit der Zeit Schritt zu halten, wie auch mit den immer anspruchsvolleren gesetzlichen Normen. St\u00e4ndiges Investieren in Know-How, Sicherheit und Umweltschutz sind wichtige Merkmale unseres Unternehmens.<\/span><\/p>\n<\/div><div class=\"fusion-sep-clear\"><\/div><div class=\"fusion-separator fusion-full-width-sep\" style=\"margin-left: auto;margin-right: auto;margin-bottom:30px;width:100%;\"><\/div><div class=\"fusion-sep-clear\"><\/div><div class=\"fusion-aligncenter\"><a class=\"fusion-button button-flat button-xlarge button-default fusion-button-default button-1 fusion-button-default-span fusion-button-default-type\" target=\"_self\" href=\"https:\/\/terre.hr\/de\/contact-us\/\"><span class=\"fusion-button-text awb-button__text awb-button__text--default\"> KONTAKTIEREN SIE UNS<\/span><\/a><\/div><\/div><\/div><div class=\"fusion-clearfix\"><\/div><\/div><\/div><div class=\"fusion-layout-column fusion_builder_column fusion-builder-column-2 fusion_builder_column_1_6 1_6 fusion-one-sixth fusion-column-last\" style=\"--awb-bg-size:cover;width:16.666666666667%;width:calc(16.666666666667% - ( ( 4% + 4% ) * 0.16666666666667 ) );\"><div class=\"fusion-column-wrapper fusion-flex-column-wrapper-legacy\"><div class=\"fusion-clearfix\"><\/div><\/div><\/div><\/div><\/div><div class=\"fusion-fullwidth fullwidth-box fusion-builder-row-2 nonhundred-percent-fullwidth non-hundred-percent-height-scrolling fusion-no-small-visibility fusion-no-medium-visibility\" style=\"--awb-border-radius-top-left:0px;--awb-border-radius-top-right:0px;--awb-border-radius-bottom-right:0px;--awb-border-radius-bottom-left:0px;--awb-background-color:#171717;--awb-flex-wrap:wrap;\" ><div class=\"fusion-builder-row fusion-row\"><div class=\"fusion-layout-column fusion_builder_column fusion-builder-column-3 fusion_builder_column_1_1 1_1 fusion-one-full fusion-column-first fusion-column-last\" style=\"--awb-bg-size:cover;--awb-margin-bottom:0px;\"><div class=\"fusion-column-wrapper fusion-flex-column-wrapper-legacy\"><div class=\"fusion-section-separator section-separator slant fusion-section-separator-1\" style=\"--awb-spacer-height:99px;--awb-svg-margin-left:0;--awb-svg-margin-right:0;--awb-divider-height:99px;--awb-spacer-padding-top:inherit;--awb-sep-padding:0;--awb-svg-padding:0;--awb-svg-tag-margin-bottom:-3px;--awb-sep-svg-display:block;\"><div class=\"fusion-section-separator-svg\"><svg class=\"fusion-slant-candy\" xmlns=\"http:\/\/www.w3.org\/2000\/svg\" version=\"1.1\" width=\"100%\" height=\"100\" viewBox=\"0 0 100 100\" preserveAspectRatio=\"none\" fill=\"rgba(255,255,255,1)\"><path d=\"M100 0 L0 100 L101 100 Z\"><\/path><\/svg><\/div><div class=\"fusion-section-separator-spacer\"><div class=\"fusion-section-separator-spacer-height\"><\/div><\/div><\/div><div class=\"fusion-clearfix\"><\/div><\/div><\/div><\/div><\/div><div class=\"fusion-fullwidth fullwidth-box fusion-builder-row-3 nonhundred-percent-fullwidth non-hundred-percent-height-scrolling fusion-equal-height-columns\" style=\"--awb-border-radius-top-left:0px;--awb-border-radius-top-right:0px;--awb-border-radius-bottom-right:0px;--awb-border-radius-bottom-left:0px;--awb-padding-top:3%;--awb-padding-bottom:6%;--awb-flex-wrap:wrap;\" ><div class=\"fusion-builder-row fusion-row\"><div class=\"fusion-layout-column fusion_builder_column fusion-builder-column-4 fusion_builder_column_1_1 1_1 fusion-one-full fusion-column-first fusion-column-last fusion-column-no-min-height\" style=\"--awb-padding-top:10px;--awb-bg-size:cover;\"><div class=\"fusion-column-wrapper fusion-flex-column-wrapper-legacy\"><div class=\"fusion-title title fusion-title-3 fusion-sep-none fusion-title-text fusion-title-size-three\" style=\"--awb-font-size:70px;\"><h3 class=\"fusion-title-heading title-heading-right\" style=\"margin:0;font-size:1em;\"><strong><span style=\"font-size: 36pt;\"> UNSERE AUSZEICHNUNGEN<\/span><\/strong><\/h3><\/div><div class=\"fusion-clearfix\"><\/div><\/div><\/div><div class=\"fusion-layout-column fusion_builder_column fusion-builder-column-5 fusion_builder_column_1_3 1_3 fusion-one-third fusion-column-first fusion-animated\" style=\"--awb-padding-top:60px;--awb-padding-right:40px;--awb-padding-bottom:40px;--awb-padding-left:40px;--awb-bg-size:cover;--awb-border-color:#e1e1e1;--awb-border-top:1px;--awb-border-right:1px;--awb-border-bottom:1px;--awb-border-left:1px;--awb-border-style:solid;width:33.333333333333%;width:calc(33.333333333333% - ( ( 4% + 4% ) * 0.33333333333333 ) );margin-right: 4%;\" data-animationType=\"fadeInUp\" data-animationDuration=\"0.3\" data-animationOffset=\"top-into-view\"><div class=\"fusion-column-wrapper fusion-flex-column-wrapper-legacy\"><div class=\"fusion-image-element fusion-image-align-center in-legacy-container\" style=\"text-align:center;--awb-max-width:230px;--awb-caption-title-font-family:var(--h2_typography-font-family);--awb-caption-title-font-weight:var(--h2_typography-font-weight);--awb-caption-title-font-style:var(--h2_typography-font-style);--awb-caption-title-size:var(--h2_typography-font-size);--awb-caption-title-transform:var(--h2_typography-text-transform);--awb-caption-title-line-height:var(--h2_typography-line-height);--awb-caption-title-letter-spacing:var(--h2_typography-letter-spacing);\"><div class=\"imageframe-align-center\"><span class=\" fusion-imageframe imageframe-none imageframe-1 hover-type-none\"><img decoding=\"async\" width=\"597\" height=\"981\" title=\"NO\u0106NJAK1-min\" src=\"https:\/\/terre.hr\/wp-content\/uploads\/2019\/02\/NO\u0106NJAK1-min.png\" alt class=\"img-responsive wp-image-1525\" srcset=\"https:\/\/terre.hr\/wp-content\/uploads\/2019\/02\/NO\u0106NJAK1-min-200x329.png 200w, https:\/\/terre.hr\/wp-content\/uploads\/2019\/02\/NO\u0106NJAK1-min-400x657.png 400w, https:\/\/terre.hr\/wp-content\/uploads\/2019\/02\/NO\u0106NJAK1-min.png 597w\" sizes=\"(max-width: 800px) 100vw, 400px\" \/><\/span><\/div><\/div><div class=\"fusion-sep-clear\"><\/div><div class=\"fusion-separator fusion-full-width-sep\" style=\"margin-left: auto;margin-right: auto;margin-top:45px;width:100%;\"><\/div><div class=\"fusion-sep-clear\"><\/div><div class=\"fusion-text fusion-text-2\"><p style=\"text-align: center;\">Goldmedaille &#8211; No\u0107njak 2018.<\/p>\n<\/div><div class=\"fusion-clearfix\"><\/div><\/div><\/div><div class=\"fusion-layout-column fusion_builder_column fusion-builder-column-6 fusion_builder_column_1_3 1_3 fusion-one-third fusion-animated\" style=\"--awb-padding-top:60px;--awb-padding-right:40px;--awb-padding-bottom:40px;--awb-padding-left:40px;--awb-bg-size:cover;--awb-border-color:#e1e1e1;--awb-border-top:1px;--awb-border-right:1px;--awb-border-bottom:1px;--awb-border-left:1px;--awb-border-style:solid;width:33.333333333333%;width:calc(33.333333333333% - ( ( 4% + 4% ) * 0.33333333333333 ) );margin-right: 4%;\" data-animationType=\"fadeInUp\" data-animationDuration=\"0.6\" data-animationOffset=\"top-into-view\"><div class=\"fusion-column-wrapper fusion-flex-column-wrapper-legacy\"><div class=\"fusion-image-element fusion-image-align-center in-legacy-container\" style=\"text-align:center;--awb-max-width:400px;--awb-caption-title-font-family:var(--h2_typography-font-family);--awb-caption-title-font-weight:var(--h2_typography-font-weight);--awb-caption-title-font-style:var(--h2_typography-font-style);--awb-caption-title-size:var(--h2_typography-font-size);--awb-caption-title-transform:var(--h2_typography-text-transform);--awb-caption-title-line-height:var(--h2_typography-line-height);--awb-caption-title-letter-spacing:var(--h2_typography-letter-spacing);\"><div class=\"imageframe-align-center\"><span class=\" fusion-imageframe imageframe-none imageframe-2 hover-type-none\"><img decoding=\"async\" width=\"984\" height=\"641\" title=\"MASLINA SPLIT-min\" src=\"https:\/\/terre.hr\/wp-content\/uploads\/2019\/02\/MASLINA-SPLIT-min.png\" alt class=\"img-responsive wp-image-1519\" srcset=\"https:\/\/terre.hr\/wp-content\/uploads\/2019\/02\/MASLINA-SPLIT-min-200x130.png 200w, https:\/\/terre.hr\/wp-content\/uploads\/2019\/02\/MASLINA-SPLIT-min-400x261.png 400w, https:\/\/terre.hr\/wp-content\/uploads\/2019\/02\/MASLINA-SPLIT-min-600x391.png 600w, https:\/\/terre.hr\/wp-content\/uploads\/2019\/02\/MASLINA-SPLIT-min-800x521.png 800w, https:\/\/terre.hr\/wp-content\/uploads\/2019\/02\/MASLINA-SPLIT-min.png 984w\" sizes=\"(max-width: 800px) 100vw, 400px\" \/><\/span><\/div><\/div><div class=\"fusion-sep-clear\"><\/div><div class=\"fusion-separator fusion-full-width-sep\" style=\"margin-left: auto;margin-right: auto;margin-top:45px;width:100%;\"><\/div><div class=\"fusion-sep-clear\"><\/div><div class=\"fusion-text fusion-text-3\"><p style=\"text-align: center;\">Goldmedaille &#8211; \u00a0Maslina Split 2018.<\/p>\n<\/div><div class=\"fusion-clearfix\"><\/div><\/div><\/div><div class=\"fusion-layout-column fusion_builder_column fusion-builder-column-7 fusion_builder_column_1_3 1_3 fusion-one-third fusion-column-last fusion-animated\" style=\"--awb-padding-right:40px;--awb-padding-bottom:40px;--awb-padding-left:40px;--awb-bg-size:cover;--awb-border-color:#e1e1e1;--awb-border-top:1px;--awb-border-right:1px;--awb-border-bottom:1px;--awb-border-left:1px;--awb-border-style:solid;width:33.333333333333%;width:calc(33.333333333333% - ( ( 4% + 4% ) * 0.33333333333333 ) );\" data-animationType=\"fadeInUp\" data-animationDuration=\"0.9\" data-animationOffset=\"top-into-view\"><div class=\"fusion-column-wrapper fusion-flex-column-wrapper-legacy\"><div class=\"fusion-image-element fusion-image-align-center in-legacy-container\" style=\"text-align:center;--awb-max-width:200px;--awb-caption-title-font-family:var(--h2_typography-font-family);--awb-caption-title-font-weight:var(--h2_typography-font-weight);--awb-caption-title-font-style:var(--h2_typography-font-style);--awb-caption-title-size:var(--h2_typography-font-size);--awb-caption-title-transform:var(--h2_typography-text-transform);--awb-caption-title-line-height:var(--h2_typography-line-height);--awb-caption-title-letter-spacing:var(--h2_typography-letter-spacing);\"><div class=\"imageframe-align-center\"><span class=\" fusion-imageframe imageframe-none imageframe-3 hover-type-none\"><img decoding=\"async\" width=\"519\" height=\"954\" title=\"MASLINA SPLIT2-min\" src=\"https:\/\/terre.hr\/wp-content\/uploads\/2019\/02\/MASLINA-SPLIT2-min.png\" alt class=\"img-responsive wp-image-1522\" srcset=\"https:\/\/terre.hr\/wp-content\/uploads\/2019\/02\/MASLINA-SPLIT2-min-200x368.png 200w, https:\/\/terre.hr\/wp-content\/uploads\/2019\/02\/MASLINA-SPLIT2-min-400x735.png 400w, https:\/\/terre.hr\/wp-content\/uploads\/2019\/02\/MASLINA-SPLIT2-min.png 519w\" sizes=\"(max-width: 800px) 100vw, 400px\" \/><\/span><\/div><\/div><div class=\"fusion-sep-clear\"><\/div><div class=\"fusion-separator fusion-full-width-sep\" style=\"margin-left: auto;margin-right: auto;margin-top:45px;width:100%;\"><\/div><div class=\"fusion-sep-clear\"><\/div><div class=\"fusion-text fusion-text-4\"><p style=\"text-align: center;\">Goldmedaille &#8211; \u00a0Maslina Split 2018.<\/p>\n<\/div><div class=\"fusion-clearfix\"><\/div><\/div><\/div><\/div><\/div><\/p>\n","protected":false},"excerpt":{"rendered":"","protected":false},"author":1,"featured_media":0,"parent":0,"menu_order":0,"comment_status":"closed","ping_status":"closed","template":"100-width.php","meta":{"_acf_changed":false,"footnotes":""},"class_list":["post-2173","page","type-page","status-publish","hentry"],"acf":[],"yoast_head":"<!-- This site is optimized with the Yoast SEO plugin v26.5 - https:\/\/yoast.com\/wordpress\/plugins\/seo\/ -->\n<title>\u00dcber uns - Extradjevi\u010dansko maslinovo ulje<\/title>\n<meta name=\"robots\" content=\"index, follow, max-snippet:-1, max-image-preview:large, max-video-preview:-1\" \/>\n<link rel=\"canonical\" href=\"https:\/\/terre.hr\/de\/o-nama\/\" \/>\n<meta property=\"og:locale\" content=\"de_DE\" \/>\n<meta property=\"og:type\" content=\"article\" \/>\n<meta property=\"og:title\" content=\"\u00dcber uns - Extradjevi\u010dansko maslinovo ulje\" \/>\n<meta property=\"og:url\" content=\"https:\/\/terre.hr\/de\/o-nama\/\" \/>\n<meta property=\"og:site_name\" content=\"Extradjevi\u010dansko maslinovo ulje\" \/>\n<meta property=\"article:modified_time\" content=\"2019-04-14T07:23:39+00:00\" \/>\n<meta name=\"twitter:card\" content=\"summary_large_image\" \/>\n<meta name=\"twitter:label1\" content=\"Gesch\u00e4tzte Lesezeit\" \/>\n\t<meta name=\"twitter:data1\" content=\"8\u00a0Minuten\" \/>\n<script type=\"application\/ld+json\" class=\"yoast-schema-graph\">{\"@context\":\"https:\/\/schema.org\",\"@graph\":[{\"@type\":\"WebPage\",\"@id\":\"https:\/\/terre.hr\/de\/o-nama\/\",\"url\":\"https:\/\/terre.hr\/de\/o-nama\/\",\"name\":\"\u00dcber uns - Extradjevi\u010dansko maslinovo ulje\",\"isPartOf\":{\"@id\":\"https:\/\/terre.hr\/#website\"},\"datePublished\":\"2018-12-07T16:05:31+00:00\",\"dateModified\":\"2019-04-14T07:23:39+00:00\",\"breadcrumb\":{\"@id\":\"https:\/\/terre.hr\/de\/o-nama\/#breadcrumb\"},\"inLanguage\":\"de\",\"potentialAction\":[{\"@type\":\"ReadAction\",\"target\":[\"https:\/\/terre.hr\/de\/o-nama\/\"]}]},{\"@type\":\"BreadcrumbList\",\"@id\":\"https:\/\/terre.hr\/de\/o-nama\/#breadcrumb\",\"itemListElement\":[{\"@type\":\"ListItem\",\"position\":1,\"name\":\"Po\u010detna stranica\",\"item\":\"https:\/\/terre.hr\/de\/\"},{\"@type\":\"ListItem\",\"position\":2,\"name\":\"\u00dcber uns\"}]},{\"@type\":\"WebSite\",\"@id\":\"https:\/\/terre.hr\/#website\",\"url\":\"https:\/\/terre.hr\/\",\"name\":\"Extradjevi\u010dansko maslinovo ulje\",\"description\":\"Privatni obiteljski obrt\",\"potentialAction\":[{\"@type\":\"SearchAction\",\"target\":{\"@type\":\"EntryPoint\",\"urlTemplate\":\"https:\/\/terre.hr\/?s={search_term_string}\"},\"query-input\":{\"@type\":\"PropertyValueSpecification\",\"valueRequired\":true,\"valueName\":\"search_term_string\"}}],\"inLanguage\":\"de\"}]}<\/script>\n<!-- \/ Yoast SEO plugin. -->","yoast_head_json":{"title":"\u00dcber uns - Extradjevi\u010dansko maslinovo ulje","robots":{"index":"index","follow":"follow","max-snippet":"max-snippet:-1","max-image-preview":"max-image-preview:large","max-video-preview":"max-video-preview:-1"},"canonical":"https:\/\/terre.hr\/de\/o-nama\/","og_locale":"de_DE","og_type":"article","og_title":"\u00dcber uns - Extradjevi\u010dansko maslinovo ulje","og_url":"https:\/\/terre.hr\/de\/o-nama\/","og_site_name":"Extradjevi\u010dansko maslinovo ulje","article_modified_time":"2019-04-14T07:23:39+00:00","twitter_card":"summary_large_image","twitter_misc":{"Gesch\u00e4tzte Lesezeit":"8\u00a0Minuten"},"schema":{"@context":"https:\/\/schema.org","@graph":[{"@type":"WebPage","@id":"https:\/\/terre.hr\/de\/o-nama\/","url":"https:\/\/terre.hr\/de\/o-nama\/","name":"\u00dcber uns - Extradjevi\u010dansko maslinovo ulje","isPartOf":{"@id":"https:\/\/terre.hr\/#website"},"datePublished":"2018-12-07T16:05:31+00:00","dateModified":"2019-04-14T07:23:39+00:00","breadcrumb":{"@id":"https:\/\/terre.hr\/de\/o-nama\/#breadcrumb"},"inLanguage":"de","potentialAction":[{"@type":"ReadAction","target":["https:\/\/terre.hr\/de\/o-nama\/"]}]},{"@type":"BreadcrumbList","@id":"https:\/\/terre.hr\/de\/o-nama\/#breadcrumb","itemListElement":[{"@type":"ListItem","position":1,"name":"Po\u010detna stranica","item":"https:\/\/terre.hr\/de\/"},{"@type":"ListItem","position":2,"name":"\u00dcber uns"}]},{"@type":"WebSite","@id":"https:\/\/terre.hr\/#website","url":"https:\/\/terre.hr\/","name":"Extradjevi\u010dansko maslinovo ulje","description":"Privatni obiteljski obrt","potentialAction":[{"@type":"SearchAction","target":{"@type":"EntryPoint","urlTemplate":"https:\/\/terre.hr\/?s={search_term_string}"},"query-input":{"@type":"PropertyValueSpecification","valueRequired":true,"valueName":"search_term_string"}}],"inLanguage":"de"}]}},"_links":{"self":[{"href":"https:\/\/terre.hr\/de\/wp-json\/wp\/v2\/pages\/2173","targetHints":{"allow":["GET"]}}],"collection":[{"href":"https:\/\/terre.hr\/de\/wp-json\/wp\/v2\/pages"}],"about":[{"href":"https:\/\/terre.hr\/de\/wp-json\/wp\/v2\/types\/page"}],"author":[{"embeddable":true,"href":"https:\/\/terre.hr\/de\/wp-json\/wp\/v2\/users\/1"}],"replies":[{"embeddable":true,"href":"https:\/\/terre.hr\/de\/wp-json\/wp\/v2\/comments?post=2173"}],"version-history":[{"count":4,"href":"https:\/\/terre.hr\/de\/wp-json\/wp\/v2\/pages\/2173\/revisions"}],"predecessor-version":[{"id":2327,"href":"https:\/\/terre.hr\/de\/wp-json\/wp\/v2\/pages\/2173\/revisions\/2327"}],"wp:attachment":[{"href":"https:\/\/terre.hr\/de\/wp-json\/wp\/v2\/media?parent=2173"}],"curies":[{"name":"wp","href":"https:\/\/api.w.org\/{rel}","templated":true}]}}