{"id":2343,"date":"2019-02-03T20:23:51","date_gmt":"2019-02-03T19:23:51","guid":{"rendered":"https:\/\/terre.hr\/product\/2343\/"},"modified":"2022-06-13T08:42:02","modified_gmt":"2022-06-13T06:42:02","slug":"2343","status":"publish","type":"product","link":"https:\/\/terre.hr\/de\/produkt\/2343\/","title":{"rendered":"Natives Oliven\u00f6l Extra Vergine TERRE  5 l (Alu-tank)"},"content":{"rendered":"<p style=\"text-align: justify;\"><span style=\"font-size: 12pt;\"> Hochwertiges Oliven\u00f6l extra vergine, das durch kaltes Pressverfahren direkt aus Olivenfr\u00fcchten gewonnen wird, ist ein wesentlicher Bestandteil einer gesunden mediterranen Ern\u00e4hrung.\u2028\u2028Das native Oliven\u00f6l extra &#8222;<strong>TERRE<\/strong>&#8220; wurde durch Mischen der Sorten Leccino, Pendolino, Frantoio und unserer einheimischen istrischen bjelica gewonnen.Das \u00d6l zeichnet sich durch eine gr\u00fcnlich-gelbe Farbe aus. Frischer Geschmack und Duft von Oliven und frisch ges\u00e4tem Gras. Mittlere Sch\u00e4rfe und Bitterkeit mit vollem Geschmack mit reich verfeinerten Pflanzennoten.Aufgrund der vielen Sorten, aus denen das \u00d6l gewonnen wird, hat es einen spezifischen Geschmack und Geruch und f\u00fcgt sich auffallend in die meisten Gerichte ein, insbesondere Fisch und Meeresfr\u00fcchte sowie verschiedene Salate.<\/span><\/p>\n","protected":false},"excerpt":{"rendered":"<p>Das \u00d6l wird urspr\u00fcnglich in Aluminium-\u00d6lkannen verpackt und mit einem Stopfen zum einfachen Entleeren geliefert.<\/p>\n<p>Preisu \u20ac (Steuer 13%) &#8211;\u00a0<strong>62 \u20ac<\/strong><\/p>\n","protected":false},"featured_media":1304,"template":"","meta":{"_acf_changed":false},"product_brand":[],"product_cat":[],"product_tag":[],"class_list":{"0":"post-2343","1":"product","2":"type-product","3":"status-publish","4":"has-post-thumbnail","7":"first","8":"instock","9":"taxable","10":"shipping-taxable","11":"purchasable","12":"product-type-simple"},"acf":[],"yoast_head":"<!-- This site is optimized with the Yoast SEO plugin v26.5 - https:\/\/yoast.com\/wordpress\/plugins\/seo\/ -->\n<title>Natives Oliven\u00f6l Extra Vergine TERRE 5 l (Alu-tank) - Extradjevi\u010dansko maslinovo ulje<\/title>\n<meta name=\"robots\" content=\"index, follow, max-snippet:-1, max-image-preview:large, max-video-preview:-1\" \/>\n<link rel=\"canonical\" href=\"https:\/\/terre.hr\/de\/produkt\/2343\/\" \/>\n<meta property=\"og:locale\" content=\"de_DE\" \/>\n<meta property=\"og:type\" content=\"article\" \/>\n<meta property=\"og:title\" content=\"Natives Oliven\u00f6l Extra Vergine TERRE 5 l (Alu-tank) - Extradjevi\u010dansko maslinovo ulje\" \/>\n<meta property=\"og:description\" content=\"Das \u00d6l wird urspr\u00fcnglich in Aluminium-\u00d6lkannen verpackt und mit einem Stopfen zum einfachen Entleeren geliefert.  Preisu \u20ac (Steuer 13%) -\u00a062 \u20ac\" \/>\n<meta property=\"og:url\" content=\"https:\/\/terre.hr\/de\/produkt\/2343\/\" \/>\n<meta property=\"og:site_name\" content=\"Extradjevi\u010dansko maslinovo ulje\" \/>\n<meta property=\"article:modified_time\" content=\"2022-06-13T06:42:02+00:00\" \/>\n<meta property=\"og:image\" content=\"https:\/\/terre.hr\/wp-content\/uploads\/2019\/02\/3litre.png\" \/>\n\t<meta property=\"og:image:width\" content=\"1200\" \/>\n\t<meta property=\"og:image:height\" content=\"1200\" \/>\n\t<meta property=\"og:image:type\" content=\"image\/png\" \/>\n<meta name=\"twitter:card\" content=\"summary_large_image\" \/>\n<meta name=\"twitter:label1\" content=\"Gesch\u00e4tzte Lesezeit\" \/>\n\t<meta name=\"twitter:data1\" content=\"1\u00a0Minute\" \/>\n<script type=\"application\/ld+json\" class=\"yoast-schema-graph\">{\"@context\":\"https:\/\/schema.org\",\"@graph\":[{\"@type\":\"WebPage\",\"@id\":\"https:\/\/terre.hr\/de\/produkt\/2343\/\",\"url\":\"https:\/\/terre.hr\/de\/produkt\/2343\/\",\"name\":\"Natives Oliven\u00f6l Extra Vergine TERRE 5 l (Alu-tank) - Extradjevi\u010dansko maslinovo ulje\",\"isPartOf\":{\"@id\":\"https:\/\/terre.hr\/#website\"},\"primaryImageOfPage\":{\"@id\":\"https:\/\/terre.hr\/de\/produkt\/2343\/#primaryimage\"},\"image\":{\"@id\":\"https:\/\/terre.hr\/de\/produkt\/2343\/#primaryimage\"},\"thumbnailUrl\":\"https:\/\/terre.hr\/wp-content\/uploads\/2019\/02\/3litre.png\",\"datePublished\":\"2019-02-03T19:23:51+00:00\",\"dateModified\":\"2022-06-13T06:42:02+00:00\",\"breadcrumb\":{\"@id\":\"https:\/\/terre.hr\/de\/produkt\/2343\/#breadcrumb\"},\"inLanguage\":\"de\",\"potentialAction\":[{\"@type\":\"ReadAction\",\"target\":[\"https:\/\/terre.hr\/de\/produkt\/2343\/\"]}]},{\"@type\":\"ImageObject\",\"inLanguage\":\"de\",\"@id\":\"https:\/\/terre.hr\/de\/produkt\/2343\/#primaryimage\",\"url\":\"https:\/\/terre.hr\/wp-content\/uploads\/2019\/02\/3litre.png\",\"contentUrl\":\"https:\/\/terre.hr\/wp-content\/uploads\/2019\/02\/3litre.png\",\"width\":1200,\"height\":1200},{\"@type\":\"BreadcrumbList\",\"@id\":\"https:\/\/terre.hr\/de\/produkt\/2343\/#breadcrumb\",\"itemListElement\":[{\"@type\":\"ListItem\",\"position\":1,\"name\":\"Po\u010detna stranica\",\"item\":\"https:\/\/terre.hr\/de\/\"},{\"@type\":\"ListItem\",\"position\":2,\"name\":\"Maslinovo ulje\",\"item\":\"https:\/\/terre.hr\/de\/maslinovo-ulje\/\"},{\"@type\":\"ListItem\",\"position\":3,\"name\":\"Natives Oliven\u00f6l Extra Vergine TERRE 5 l (Alu-tank)\"}]},{\"@type\":\"WebSite\",\"@id\":\"https:\/\/terre.hr\/#website\",\"url\":\"https:\/\/terre.hr\/\",\"name\":\"Extradjevi\u010dansko maslinovo ulje\",\"description\":\"Privatni obiteljski obrt\",\"potentialAction\":[{\"@type\":\"SearchAction\",\"target\":{\"@type\":\"EntryPoint\",\"urlTemplate\":\"https:\/\/terre.hr\/?s={search_term_string}\"},\"query-input\":{\"@type\":\"PropertyValueSpecification\",\"valueRequired\":true,\"valueName\":\"search_term_string\"}}],\"inLanguage\":\"de\"}]}<\/script>\n<!-- \/ Yoast SEO plugin. -->","yoast_head_json":{"title":"Natives Oliven\u00f6l Extra Vergine TERRE 5 l (Alu-tank) - Extradjevi\u010dansko maslinovo ulje","robots":{"index":"index","follow":"follow","max-snippet":"max-snippet:-1","max-image-preview":"max-image-preview:large","max-video-preview":"max-video-preview:-1"},"canonical":"https:\/\/terre.hr\/de\/produkt\/2343\/","og_locale":"de_DE","og_type":"article","og_title":"Natives Oliven\u00f6l Extra Vergine TERRE 5 l (Alu-tank) - Extradjevi\u010dansko maslinovo ulje","og_description":"Das \u00d6l wird urspr\u00fcnglich in Aluminium-\u00d6lkannen verpackt und mit einem Stopfen zum einfachen Entleeren geliefert.  Preisu \u20ac (Steuer 13%) -\u00a062 \u20ac","og_url":"https:\/\/terre.hr\/de\/produkt\/2343\/","og_site_name":"Extradjevi\u010dansko maslinovo ulje","article_modified_time":"2022-06-13T06:42:02+00:00","og_image":[{"width":1200,"height":1200,"url":"https:\/\/terre.hr\/wp-content\/uploads\/2019\/02\/3litre.png","type":"image\/png"}],"twitter_card":"summary_large_image","twitter_misc":{"Gesch\u00e4tzte Lesezeit":"1\u00a0Minute"},"schema":{"@context":"https:\/\/schema.org","@graph":[{"@type":"WebPage","@id":"https:\/\/terre.hr\/de\/produkt\/2343\/","url":"https:\/\/terre.hr\/de\/produkt\/2343\/","name":"Natives Oliven\u00f6l Extra Vergine TERRE 5 l (Alu-tank) - Extradjevi\u010dansko maslinovo ulje","isPartOf":{"@id":"https:\/\/terre.hr\/#website"},"primaryImageOfPage":{"@id":"https:\/\/terre.hr\/de\/produkt\/2343\/#primaryimage"},"image":{"@id":"https:\/\/terre.hr\/de\/produkt\/2343\/#primaryimage"},"thumbnailUrl":"https:\/\/terre.hr\/wp-content\/uploads\/2019\/02\/3litre.png","datePublished":"2019-02-03T19:23:51+00:00","dateModified":"2022-06-13T06:42:02+00:00","breadcrumb":{"@id":"https:\/\/terre.hr\/de\/produkt\/2343\/#breadcrumb"},"inLanguage":"de","potentialAction":[{"@type":"ReadAction","target":["https:\/\/terre.hr\/de\/produkt\/2343\/"]}]},{"@type":"ImageObject","inLanguage":"de","@id":"https:\/\/terre.hr\/de\/produkt\/2343\/#primaryimage","url":"https:\/\/terre.hr\/wp-content\/uploads\/2019\/02\/3litre.png","contentUrl":"https:\/\/terre.hr\/wp-content\/uploads\/2019\/02\/3litre.png","width":1200,"height":1200},{"@type":"BreadcrumbList","@id":"https:\/\/terre.hr\/de\/produkt\/2343\/#breadcrumb","itemListElement":[{"@type":"ListItem","position":1,"name":"Po\u010detna stranica","item":"https:\/\/terre.hr\/de\/"},{"@type":"ListItem","position":2,"name":"Maslinovo ulje","item":"https:\/\/terre.hr\/de\/maslinovo-ulje\/"},{"@type":"ListItem","position":3,"name":"Natives Oliven\u00f6l Extra Vergine TERRE 5 l (Alu-tank)"}]},{"@type":"WebSite","@id":"https:\/\/terre.hr\/#website","url":"https:\/\/terre.hr\/","name":"Extradjevi\u010dansko maslinovo ulje","description":"Privatni obiteljski obrt","potentialAction":[{"@type":"SearchAction","target":{"@type":"EntryPoint","urlTemplate":"https:\/\/terre.hr\/?s={search_term_string}"},"query-input":{"@type":"PropertyValueSpecification","valueRequired":true,"valueName":"search_term_string"}}],"inLanguage":"de"}]}},"_links":{"self":[{"href":"https:\/\/terre.hr\/de\/wp-json\/wp\/v2\/product\/2343","targetHints":{"allow":["GET"]}}],"collection":[{"href":"https:\/\/terre.hr\/de\/wp-json\/wp\/v2\/product"}],"about":[{"href":"https:\/\/terre.hr\/de\/wp-json\/wp\/v2\/types\/product"}],"wp:featuredmedia":[{"embeddable":true,"href":"https:\/\/terre.hr\/de\/wp-json\/wp\/v2\/media\/1304"}],"wp:attachment":[{"href":"https:\/\/terre.hr\/de\/wp-json\/wp\/v2\/media?parent=2343"}],"wp:term":[{"taxonomy":"product_brand","embeddable":true,"href":"https:\/\/terre.hr\/de\/wp-json\/wp\/v2\/product_brand?post=2343"},{"taxonomy":"product_cat","embeddable":true,"href":"https:\/\/terre.hr\/de\/wp-json\/wp\/v2\/product_cat?post=2343"},{"taxonomy":"product_tag","embeddable":true,"href":"https:\/\/terre.hr\/de\/wp-json\/wp\/v2\/product_tag?post=2343"}],"curies":[{"name":"wp","href":"https:\/\/api.w.org\/{rel}","templated":true}]}}