{"id":2174,"date":"2018-05-17T11:25:35","date_gmt":"2018-05-17T09:25:35","guid":{"rendered":"https:\/\/terre.hr\/primjer-stranice\/"},"modified":"2019-04-14T06:56:12","modified_gmt":"2019-04-14T04:56:12","slug":"primjer-stranice","status":"publish","type":"page","link":"https:\/\/terre.hr\/en\/primjer-stranice\/","title":{"rendered":"Primjer stranice"},"content":{"rendered":"<p>Ovo je primjer stranice. Razlikuje se od blog objave jer se stalno nalazi na istom mjestu i prikazati \u0107e se u izborniku va\u0161e web-stranice (u ve\u0107ini tema). Ve\u0107ina ljudi zapo\u010dinje sa &#8220;O meni&#8221; stranicom koja ih predstavlja potencijalnim posjetiteljima web stranice. Na primjer mo\u017ee sadr\u017eavati:<\/p>\n<blockquote><p>Pozdrav! Ja sam dostavlja\u010d paket tijekom dana, nadahnuti glumac tijekom no\u0107i i ovo je moja web-stranica. \u017divim u Vara\u017edinu, imam predobrog psa koji se zove Floki i volim pi\u00f1a colada. (I da me ponekad ulovi ki\u0161a bez ki\u0161obrana.)<\/p><\/blockquote>\n<p>&#8230;ili ne\u0161to kao ovo:<\/p>\n<blockquote><p>Smradac Company je osnovana 1971., i od tada svoje kupce opskrbljuje kvalitetnim za\u0161titnim maskama za disanje. Smje\u0161ten u Gotham City, Smradac Company zapo\u0161ljava preko 2.000 ljudi i radi svakakve super stvari za ljude Gotham Citya.<\/p><\/blockquote>\n<p>Kao novi korisnik WordPressa, trebali bi posjetiti <a href=\"https:\/\/terre.hr\/wp-admin\/\">va\u0161u nadzornu plo\u010du<\/a> kako bi izbrisali ovu stranicu i kreirali nove stranice za va\u0161 sadr\u017eaj. Zabavi te se!<\/p>\n","protected":false},"excerpt":{"rendered":"<p>Ovo je primjer stranice. Razlikuje se od blog objave jer  [&#8230;]<\/p>\n","protected":false},"author":1,"featured_media":0,"parent":0,"menu_order":0,"comment_status":"closed","ping_status":"open","template":"","meta":{"_acf_changed":false,"footnotes":""},"class_list":["post-2174","page","type-page","status-publish","hentry"],"acf":[],"yoast_head":"<!-- This site is optimized with the Yoast SEO plugin v26.5 - https:\/\/yoast.com\/wordpress\/plugins\/seo\/ -->\n<title>Primjer stranice - Extradjevi\u010dansko maslinovo ulje<\/title>\n<meta name=\"robots\" content=\"index, follow, max-snippet:-1, max-image-preview:large, max-video-preview:-1\" \/>\n<link rel=\"canonical\" href=\"https:\/\/terre.hr\/en\/primjer-stranice\/\" \/>\n<meta property=\"og:locale\" content=\"en_US\" \/>\n<meta property=\"og:type\" content=\"article\" \/>\n<meta property=\"og:title\" content=\"Primjer stranice - Extradjevi\u010dansko maslinovo ulje\" \/>\n<meta property=\"og:description\" content=\"Ovo je primjer stranice. Razlikuje se od blog objave jer [...]\" \/>\n<meta property=\"og:url\" content=\"https:\/\/terre.hr\/en\/primjer-stranice\/\" \/>\n<meta property=\"og:site_name\" content=\"Extradjevi\u010dansko maslinovo ulje\" \/>\n<meta property=\"article:modified_time\" content=\"2019-04-14T04:56:12+00:00\" \/>\n<meta name=\"twitter:card\" content=\"summary_large_image\" \/>\n<meta name=\"twitter:label1\" content=\"Est. reading time\" \/>\n\t<meta name=\"twitter:data1\" content=\"1 minute\" \/>\n<script type=\"application\/ld+json\" class=\"yoast-schema-graph\">{\"@context\":\"https:\/\/schema.org\",\"@graph\":[{\"@type\":\"WebPage\",\"@id\":\"https:\/\/terre.hr\/en\/primjer-stranice\/\",\"url\":\"https:\/\/terre.hr\/en\/primjer-stranice\/\",\"name\":\"Primjer stranice - Extradjevi\u010dansko maslinovo ulje\",\"isPartOf\":{\"@id\":\"https:\/\/terre.hr\/#website\"},\"datePublished\":\"2018-05-17T09:25:35+00:00\",\"dateModified\":\"2019-04-14T04:56:12+00:00\",\"breadcrumb\":{\"@id\":\"https:\/\/terre.hr\/en\/primjer-stranice\/#breadcrumb\"},\"inLanguage\":\"en-US\",\"potentialAction\":[{\"@type\":\"ReadAction\",\"target\":[\"https:\/\/terre.hr\/en\/primjer-stranice\/\"]}]},{\"@type\":\"BreadcrumbList\",\"@id\":\"https:\/\/terre.hr\/en\/primjer-stranice\/#breadcrumb\",\"itemListElement\":[{\"@type\":\"ListItem\",\"position\":1,\"name\":\"Po\u010detna stranica\",\"item\":\"https:\/\/terre.hr\/en\/\"},{\"@type\":\"ListItem\",\"position\":2,\"name\":\"Primjer stranice\"}]},{\"@type\":\"WebSite\",\"@id\":\"https:\/\/terre.hr\/#website\",\"url\":\"https:\/\/terre.hr\/\",\"name\":\"Extradjevi\u010dansko maslinovo ulje\",\"description\":\"Privatni obiteljski obrt\",\"potentialAction\":[{\"@type\":\"SearchAction\",\"target\":{\"@type\":\"EntryPoint\",\"urlTemplate\":\"https:\/\/terre.hr\/?s={search_term_string}\"},\"query-input\":{\"@type\":\"PropertyValueSpecification\",\"valueRequired\":true,\"valueName\":\"search_term_string\"}}],\"inLanguage\":\"en-US\"}]}<\/script>\n<!-- \/ Yoast SEO plugin. -->","yoast_head_json":{"title":"Primjer stranice - Extradjevi\u010dansko maslinovo ulje","robots":{"index":"index","follow":"follow","max-snippet":"max-snippet:-1","max-image-preview":"max-image-preview:large","max-video-preview":"max-video-preview:-1"},"canonical":"https:\/\/terre.hr\/en\/primjer-stranice\/","og_locale":"en_US","og_type":"article","og_title":"Primjer stranice - Extradjevi\u010dansko maslinovo ulje","og_description":"Ovo je primjer stranice. Razlikuje se od blog objave jer [...]","og_url":"https:\/\/terre.hr\/en\/primjer-stranice\/","og_site_name":"Extradjevi\u010dansko maslinovo ulje","article_modified_time":"2019-04-14T04:56:12+00:00","twitter_card":"summary_large_image","twitter_misc":{"Est. reading time":"1 minute"},"schema":{"@context":"https:\/\/schema.org","@graph":[{"@type":"WebPage","@id":"https:\/\/terre.hr\/en\/primjer-stranice\/","url":"https:\/\/terre.hr\/en\/primjer-stranice\/","name":"Primjer stranice - Extradjevi\u010dansko maslinovo ulje","isPartOf":{"@id":"https:\/\/terre.hr\/#website"},"datePublished":"2018-05-17T09:25:35+00:00","dateModified":"2019-04-14T04:56:12+00:00","breadcrumb":{"@id":"https:\/\/terre.hr\/en\/primjer-stranice\/#breadcrumb"},"inLanguage":"en-US","potentialAction":[{"@type":"ReadAction","target":["https:\/\/terre.hr\/en\/primjer-stranice\/"]}]},{"@type":"BreadcrumbList","@id":"https:\/\/terre.hr\/en\/primjer-stranice\/#breadcrumb","itemListElement":[{"@type":"ListItem","position":1,"name":"Po\u010detna stranica","item":"https:\/\/terre.hr\/en\/"},{"@type":"ListItem","position":2,"name":"Primjer stranice"}]},{"@type":"WebSite","@id":"https:\/\/terre.hr\/#website","url":"https:\/\/terre.hr\/","name":"Extradjevi\u010dansko maslinovo ulje","description":"Privatni obiteljski obrt","potentialAction":[{"@type":"SearchAction","target":{"@type":"EntryPoint","urlTemplate":"https:\/\/terre.hr\/?s={search_term_string}"},"query-input":{"@type":"PropertyValueSpecification","valueRequired":true,"valueName":"search_term_string"}}],"inLanguage":"en-US"}]}},"_links":{"self":[{"href":"https:\/\/terre.hr\/en\/wp-json\/wp\/v2\/pages\/2174","targetHints":{"allow":["GET"]}}],"collection":[{"href":"https:\/\/terre.hr\/en\/wp-json\/wp\/v2\/pages"}],"about":[{"href":"https:\/\/terre.hr\/en\/wp-json\/wp\/v2\/types\/page"}],"author":[{"embeddable":true,"href":"https:\/\/terre.hr\/en\/wp-json\/wp\/v2\/users\/1"}],"replies":[{"embeddable":true,"href":"https:\/\/terre.hr\/en\/wp-json\/wp\/v2\/comments?post=2174"}],"version-history":[{"count":1,"href":"https:\/\/terre.hr\/en\/wp-json\/wp\/v2\/pages\/2174\/revisions"}],"predecessor-version":[{"id":2384,"href":"https:\/\/terre.hr\/en\/wp-json\/wp\/v2\/pages\/2174\/revisions\/2384"}],"wp:attachment":[{"href":"https:\/\/terre.hr\/en\/wp-json\/wp\/v2\/media?parent=2174"}],"curies":[{"name":"wp","href":"https:\/\/api.w.org\/{rel}","templated":true}]}}